{"id":1105,"date":"2020-06-11T17:41:47","date_gmt":"2020-06-11T20:41:47","guid":{"rendered":"https:\/\/esbavillafane-cba.infd.edu.ar\/sitio\/?page_id=1105"},"modified":"2022-04-22T17:09:22","modified_gmt":"2022-04-22T20:09:22","slug":"instructivo-inscripcion-res-194-20","status":"publish","type":"page","link":"https:\/\/esbavillafane-cba.infd.edu.ar\/sitio\/instructivo-inscripcion-res-194-20\/","title":{"rendered":"INSTRUCTIVO INSCRIPCI\u00d3N RES. 197\/22"},"content":{"rendered":"<hr \/>\n<p>\u201cEstimado docente postulante: Acorde a la normativa vigente (Res. Min. 197\/22), en este espacio Ud. encontrar\u00e1 toda la informaci\u00f3n necesaria para inscribirse en los espacios curriculares vacantes que fueron autorizados por la Direcci\u00f3n General de Nivel Superior. Por favor, lea atentamente las indicaciones e instructivos antes de proceder con la inscripci\u00f3n. Le solicitamos que todos los archivos enviados est\u00e9n en PDF y con buena visibilidad. Si tiene alguna duda, puede escribirnos al mail: <a href=\"mailto:convocatorias.esba.villafane@gmail.com\">convocatorias.esba.villafane@gmail.com<\/a> \u201c.<\/p>\n<p>Resoluci\u00f3n N\u00b0 <a href=\"https:\/\/dges-cba.infd.edu.ar\/sitio\/wp-content\/uploads\/2022\/03\/Res_Min_197-21.pdf\">197\/22<\/a><\/p>\n<hr \/>\n<p>\u00a0<\/p>\n<p>\u00a0<\/p>\n<p>\u00a0<\/p>\n\n\n<p><\/p>\n","protected":false},"excerpt":{"rendered":"<p>\u201cEstimado docente postulante: Acorde a la normativa vigente (Res. Min. 197\/22), en este espacio Ud. encontrar\u00e1 toda la informaci\u00f3n necesaria para inscribirse en los espacios curriculares vacantes que fueron autorizados por la Direcci\u00f3n General de Nivel Superior. Por favor, lea atentamente las indicaciones e instructivos antes de proceder con la inscripci\u00f3n. Le solicitamos que todos &#8230; <a title=\"INSTRUCTIVO INSCRIPCI\u00d3N RES. 197\/22\" class=\"read-more\" href=\"https:\/\/esbavillafane-cba.infd.edu.ar\/sitio\/instructivo-inscripcion-res-194-20\/\" aria-label=\"More on INSTRUCTIVO INSCRIPCI\u00d3N RES. 197\/22\">[+]<\/a><\/p>\n","protected":false},"author":352,"featured_media":0,"parent":0,"menu_order":0,"comment_status":"closed","ping_status":"closed","template":"","meta":[],"acf":[],"_links":{"self":[{"href":"https:\/\/esbavillafane-cba.infd.edu.ar\/sitio\/wp-json\/wp\/v2\/pages\/1105"}],"collection":[{"href":"https:\/\/esbavillafane-cba.infd.edu.ar\/sitio\/wp-json\/wp\/v2\/pages"}],"about":[{"href":"https:\/\/esbavillafane-cba.infd.edu.ar\/sitio\/wp-json\/wp\/v2\/types\/page"}],"author":[{"embeddable":true,"href":"https:\/\/esbavillafane-cba.infd.edu.ar\/sitio\/wp-json\/wp\/v2\/users\/352"}],"replies":[{"embeddable":true,"href":"https:\/\/esbavillafane-cba.infd.edu.ar\/sitio\/wp-json\/wp\/v2\/comments?post=1105"}],"version-history":[{"count":6,"href":"https:\/\/esbavillafane-cba.infd.edu.ar\/sitio\/wp-json\/wp\/v2\/pages\/1105\/revisions"}],"predecessor-version":[{"id":2020,"href":"https:\/\/esbavillafane-cba.infd.edu.ar\/sitio\/wp-json\/wp\/v2\/pages\/1105\/revisions\/2020"}],"wp:attachment":[{"href":"https:\/\/esbavillafane-cba.infd.edu.ar\/sitio\/wp-json\/wp\/v2\/media?parent=1105"}],"curies":[{"name":"wp","href":"https:\/\/api.w.org\/{rel}","templated":true}]}}