{"id":1107,"date":"2020-06-11T17:42:43","date_gmt":"2020-06-11T20:42:43","guid":{"rendered":"https:\/\/esbavillafane-cba.infd.edu.ar\/sitio\/?page_id=1107"},"modified":"2022-04-22T17:41:05","modified_gmt":"2022-04-22T20:41:05","slug":"formulario-de-inscripcion","status":"publish","type":"page","link":"https:\/\/esbavillafane-cba.infd.edu.ar\/sitio\/formulario-de-inscripcion\/","title":{"rendered":"FORMULARIO DE INSCRIPCI\u00d3N"},"content":{"rendered":"<hr \/>\n<p>Deber\u00e1 presentar una hoja de inscripci\u00f3n que contenga la siguiente informaci\u00f3n:<\/p>\n<p><strong>FORMULARIO DE INSCRIPCI\u00d3N \u00a0ONLINE \u00a0<\/strong><\/p>\n<ul>\n<li><strong>Apellido\/s y Nombre\/s: <\/strong><\/li>\n<li><strong>D.N.l.:<\/strong><\/li>\n<li><strong>Email:<\/strong><\/li>\n<li><strong>Tel\u00e9fono:<\/strong><\/li>\n<li><strong>Domicilio:<\/strong><\/li>\n<li><strong>Instituci\u00f3n en que se genera la vacante:<\/strong><\/li>\n<li><strong>Fecha de vigencia de la publicaci\u00f3n:<\/strong><\/li>\n<li><strong>Carrera (<\/strong><strong>Nombre <\/strong><strong>correcto de la misma<\/strong><strong>) <\/strong><\/li>\n<li><strong>Espacio curricular (C\u00f3digo y nombre):<\/strong><\/li>\n<li><strong>Car\u00e1cter (interino \/ suplente):<\/strong><\/li>\n<li><strong>Curso\/Divisi\u00f3n:<\/strong><\/li>\n<li><strong>Carga horaria:<\/strong><\/li>\n<li><strong>Causal de la vacante:<\/strong><\/li>\n<\/ul>\n<p>Ante cualquier duda, consultar al mail.<\/p>\n","protected":false},"excerpt":{"rendered":"<p>Deber\u00e1 presentar una hoja de inscripci\u00f3n que contenga la siguiente informaci\u00f3n: FORMULARIO DE INSCRIPCI\u00d3N \u00a0ONLINE \u00a0 Apellido\/s y Nombre\/s: D.N.l.: Email: Tel\u00e9fono: Domicilio: Instituci\u00f3n en que se genera la vacante: Fecha de vigencia de la publicaci\u00f3n: Carrera (Nombre correcto de la misma) Espacio curricular (C\u00f3digo y nombre): Car\u00e1cter (interino \/ suplente): Curso\/Divisi\u00f3n: Carga horaria: Causal &#8230; <a title=\"FORMULARIO DE INSCRIPCI\u00d3N\" class=\"read-more\" href=\"https:\/\/esbavillafane-cba.infd.edu.ar\/sitio\/formulario-de-inscripcion\/\" aria-label=\"More on FORMULARIO DE INSCRIPCI\u00d3N\">[+]<\/a><\/p>\n","protected":false},"author":352,"featured_media":0,"parent":0,"menu_order":0,"comment_status":"closed","ping_status":"closed","template":"","meta":[],"acf":[],"_links":{"self":[{"href":"https:\/\/esbavillafane-cba.infd.edu.ar\/sitio\/wp-json\/wp\/v2\/pages\/1107"}],"collection":[{"href":"https:\/\/esbavillafane-cba.infd.edu.ar\/sitio\/wp-json\/wp\/v2\/pages"}],"about":[{"href":"https:\/\/esbavillafane-cba.infd.edu.ar\/sitio\/wp-json\/wp\/v2\/types\/page"}],"author":[{"embeddable":true,"href":"https:\/\/esbavillafane-cba.infd.edu.ar\/sitio\/wp-json\/wp\/v2\/users\/352"}],"replies":[{"embeddable":true,"href":"https:\/\/esbavillafane-cba.infd.edu.ar\/sitio\/wp-json\/wp\/v2\/comments?post=1107"}],"version-history":[{"count":10,"href":"https:\/\/esbavillafane-cba.infd.edu.ar\/sitio\/wp-json\/wp\/v2\/pages\/1107\/revisions"}],"predecessor-version":[{"id":2030,"href":"https:\/\/esbavillafane-cba.infd.edu.ar\/sitio\/wp-json\/wp\/v2\/pages\/1107\/revisions\/2030"}],"wp:attachment":[{"href":"https:\/\/esbavillafane-cba.infd.edu.ar\/sitio\/wp-json\/wp\/v2\/media?parent=1107"}],"curies":[{"name":"wp","href":"https:\/\/api.w.org\/{rel}","templated":true}]}}