{"id":1115,"date":"2020-06-11T17:47:42","date_gmt":"2020-06-11T20:47:42","guid":{"rendered":"https:\/\/esbavillafane-cba.infd.edu.ar\/sitio\/?page_id=1115"},"modified":"2021-05-18T17:22:49","modified_gmt":"2021-05-18T20:22:49","slug":"espacio-curricular-historia-del-diseno","status":"publish","type":"page","link":"https:\/\/esbavillafane-cba.infd.edu.ar\/sitio\/espacio-curricular-historia-del-diseno\/","title":{"rendered":"Espacio Curricular: HISTORIA DEL DISE\u00d1O"},"content":{"rendered":"<p><a href=\"https:\/\/esbavillafane-cba.infd.edu.ar\/sitio\/wp-content\/uploads\/2021\/05\/Espacio-Curricular-HISTORIA-DEL-DISE\u00d1O.pdf\">Espacio Curricular HISTORIA DEL DISE\u00d1O<\/a><\/p>\n<hr \/>\n<p>Instituci\u00f3n:\u00a0<strong>ESCUELA SUPERIOR DE BELLAS ARTES \u00abDR. RA\u00daL G. VILLAFA\u00d1E\u00bb<\/strong><\/p>\n<p>Carrera: <strong>TECNICATURA SUPERIOR EN DISE\u00d1O DE ESPACIOS<\/strong><\/p>\n<p>Espacio Curricular: <strong>HISTORIA DEL DISE\u00d1O<\/strong><\/p>\n<p>Car\u00e1cter (interino\/suplente):\u00a0<strong>SUPLENTE<\/strong><\/p>\n<p>Curso\/Divisi\u00f3n: <strong>1\u00a0a\u00f1o, divisi\u00f3n \u00abA\u00bb<\/strong><\/p>\n<p>Carga horaria: 4<strong>\u00a0HORAS<\/strong><\/p>\n<p>D\u00edas y Horario de desempe\u00f1o: <strong>MIERCOLES\u00a0 15.10 a 15.50, MIERCOLES 15.50 a 16.30\u00a0VIERNES de 17.20 a 18.00, VIERNES 18 A 18.40\u00a0<\/strong><\/p>\n<p>Causal de la vacante: LICENCIA CARGO DE MAYOR JERARQU\u00cdA<\/p>\n<p>D\u00edas de Inscripci\u00f3n<strong>: 19, 20 y 21 de mayo<\/strong><\/p>\n","protected":false},"excerpt":{"rendered":"<p>Espacio Curricular HISTORIA DEL DISE\u00d1O Instituci\u00f3n:\u00a0ESCUELA SUPERIOR DE BELLAS ARTES \u00abDR. RA\u00daL G. VILLAFA\u00d1E\u00bb Carrera: TECNICATURA SUPERIOR EN DISE\u00d1O DE ESPACIOS Espacio Curricular: HISTORIA DEL DISE\u00d1O Car\u00e1cter (interino\/suplente):\u00a0SUPLENTE Curso\/Divisi\u00f3n: 1\u00a0a\u00f1o, divisi\u00f3n \u00abA\u00bb Carga horaria: 4\u00a0HORAS D\u00edas y Horario de desempe\u00f1o: MIERCOLES\u00a0 15.10 a 15.50, MIERCOLES 15.50 a 16.30\u00a0VIERNES de 17.20 a 18.00, VIERNES 18 A &#8230; <a title=\"Espacio Curricular: HISTORIA DEL DISE\u00d1O\" class=\"read-more\" href=\"https:\/\/esbavillafane-cba.infd.edu.ar\/sitio\/espacio-curricular-historia-del-diseno\/\" aria-label=\"More on Espacio Curricular: HISTORIA DEL DISE\u00d1O\">[+]<\/a><\/p>\n","protected":false},"author":352,"featured_media":0,"parent":0,"menu_order":0,"comment_status":"closed","ping_status":"closed","template":"","meta":[],"acf":[],"_links":{"self":[{"href":"https:\/\/esbavillafane-cba.infd.edu.ar\/sitio\/wp-json\/wp\/v2\/pages\/1115"}],"collection":[{"href":"https:\/\/esbavillafane-cba.infd.edu.ar\/sitio\/wp-json\/wp\/v2\/pages"}],"about":[{"href":"https:\/\/esbavillafane-cba.infd.edu.ar\/sitio\/wp-json\/wp\/v2\/types\/page"}],"author":[{"embeddable":true,"href":"https:\/\/esbavillafane-cba.infd.edu.ar\/sitio\/wp-json\/wp\/v2\/users\/352"}],"replies":[{"embeddable":true,"href":"https:\/\/esbavillafane-cba.infd.edu.ar\/sitio\/wp-json\/wp\/v2\/comments?post=1115"}],"version-history":[{"count":7,"href":"https:\/\/esbavillafane-cba.infd.edu.ar\/sitio\/wp-json\/wp\/v2\/pages\/1115\/revisions"}],"predecessor-version":[{"id":1750,"href":"https:\/\/esbavillafane-cba.infd.edu.ar\/sitio\/wp-json\/wp\/v2\/pages\/1115\/revisions\/1750"}],"wp:attachment":[{"href":"https:\/\/esbavillafane-cba.infd.edu.ar\/sitio\/wp-json\/wp\/v2\/media?parent=1115"}],"curies":[{"name":"wp","href":"https:\/\/api.w.org\/{rel}","templated":true}]}}