{"id":1324,"date":"2020-06-22T11:03:08","date_gmt":"2020-06-22T14:03:08","guid":{"rendered":"https:\/\/esbavillafane-cba.infd.edu.ar\/sitio\/?page_id=1324"},"modified":"2020-06-22T11:03:08","modified_gmt":"2020-06-22T14:03:08","slug":"auxiliar-en-modelado-renderizacion-3d-y-post-produccion","status":"publish","type":"page","link":"https:\/\/esbavillafane-cba.infd.edu.ar\/sitio\/auxiliar-en-modelado-renderizacion-3d-y-post-produccion\/","title":{"rendered":"Auxiliar en Modelado, Renderizaci\u00f3n 3D y Post Producci\u00f3n"},"content":{"rendered":"<h4>Auxiliar en Modelado, Renderizaci\u00f3n 3D y Post Producci\u00f3n<\/h4>\n<h5>(3D Studio Max \u2013 V-Ray \u2013 Corel Photopaint)<\/h5>\n<hr \/>\n<p>Capacitador: Arq. Mauricio S\u00e1nchez.<\/p>\n<p>Duraci\u00f3n: 8 semanas<\/p>\n","protected":false},"excerpt":{"rendered":"<p>Auxiliar en Modelado, Renderizaci\u00f3n 3D y Post Producci\u00f3n (3D Studio Max \u2013 V-Ray \u2013 Corel Photopaint) Capacitador: Arq. Mauricio S\u00e1nchez. Duraci\u00f3n: 8 semanas<\/p>\n","protected":false},"author":352,"featured_media":0,"parent":0,"menu_order":0,"comment_status":"closed","ping_status":"closed","template":"","meta":[],"acf":[],"_links":{"self":[{"href":"https:\/\/esbavillafane-cba.infd.edu.ar\/sitio\/wp-json\/wp\/v2\/pages\/1324"}],"collection":[{"href":"https:\/\/esbavillafane-cba.infd.edu.ar\/sitio\/wp-json\/wp\/v2\/pages"}],"about":[{"href":"https:\/\/esbavillafane-cba.infd.edu.ar\/sitio\/wp-json\/wp\/v2\/types\/page"}],"author":[{"embeddable":true,"href":"https:\/\/esbavillafane-cba.infd.edu.ar\/sitio\/wp-json\/wp\/v2\/users\/352"}],"replies":[{"embeddable":true,"href":"https:\/\/esbavillafane-cba.infd.edu.ar\/sitio\/wp-json\/wp\/v2\/comments?post=1324"}],"version-history":[{"count":2,"href":"https:\/\/esbavillafane-cba.infd.edu.ar\/sitio\/wp-json\/wp\/v2\/pages\/1324\/revisions"}],"predecessor-version":[{"id":1333,"href":"https:\/\/esbavillafane-cba.infd.edu.ar\/sitio\/wp-json\/wp\/v2\/pages\/1324\/revisions\/1333"}],"wp:attachment":[{"href":"https:\/\/esbavillafane-cba.infd.edu.ar\/sitio\/wp-json\/wp\/v2\/media?parent=1324"}],"curies":[{"name":"wp","href":"https:\/\/api.w.org\/{rel}","templated":true}]}}