{"id":1357,"date":"2020-06-25T00:35:00","date_gmt":"2020-06-25T03:35:00","guid":{"rendered":"https:\/\/esbavillafane-cba.infd.edu.ar\/sitio\/?page_id=1357"},"modified":"2020-06-25T22:34:14","modified_gmt":"2020-06-26T01:34:14","slug":"practicas-contemporaneas-en-el-arte","status":"publish","type":"page","link":"https:\/\/esbavillafane-cba.infd.edu.ar\/sitio\/practicas-contemporaneas-en-el-arte\/","title":{"rendered":"Proyecto de arte participativo virtual"},"content":{"rendered":"<h3>Proyecto de arte participativo virtual<\/h3>\n<hr \/>\n<h5>Carrera: Profesorado de Artes Visuales<\/h5>\n<h5>Taller: Pr\u00e1cticas contempor\u00e1neas en el arte &#8211; 3\u00ba A\u00f1o<\/h5>\n<h5>Profesor: Lic. Sergio Massera<\/h5>\n<h5>Profesora adscripta: Carolina Banchio<\/h5>\n<h5><\/h5>\n<p>Tomando como antecedente las pr\u00e1cticas art\u00edsticas conocidas como happenings y performances, y enfocados desde la est\u00e9tica relacional se proponen proyectos colectivos de lo que podemos denominar arte participativo. Cada proyecto implica tener en cuenta la participaci\u00f3n activa y colectiva de los sujetos que se convertir\u00e1n en coautores de la obra.<\/p>\n<p>Por estas razones invitamos a los usuarios de las redes sociales a colaborar en la realizaci\u00f3n de un trabajo, apuntando en lo posible a la anulaci\u00f3n efectiva de la distancia autor-obra-espectador y que \u00e9ste pueda acceder a una experiencia est\u00e9tica enriquecedora acerca de las posibilidades de apertura del arte hacia el mundo y hacia la promoci\u00f3n de relaciones comunicativas intersubjetivas.<\/p>\n<p>En este sentido se utilizan dispositivos tecnol\u00f3gicos (TIC`S) y plataformas de redes sociales como herramienta para ejecutar la obra; cada propuesta plantea una estrategia participativa para convertir la red social que se utilice como soporte de la obra de arte, es decir que su existencia solamente tendr\u00e1 sentido en el interior de la web.<\/p>\n<p>En las propuestas la obra se construye con material original que solamente ve su existencia en el mismo momento que se ejecuta y publica en la red. Cada proyecto estimula la invitaci\u00f3n a los usuarios que tengan como contactos para que colaboren con la publicaci\u00f3n de im\u00e1genes y\/o textos, seg\u00fan las indicaciones que se propongan como consigna, de tal manera que el trabajo se desarrolla a lo largo de varias jornadas. En este sentido, las acciones de los usuarios, que pertenezcan o n\u00f3 al mundo del arte, ocupar\u00e1n un lugar primordial en el trabajo, interactuando con todo lo que en el proyecto se proponga, etc., abriendo la participaci\u00f3n a todo aquel que est\u00e9 dispuesto a hacerlo.<\/p>\n<p>Los enlaces a los proyectos est\u00e1n disponibles\u00a0 en Facebook e Instagram de la ESBA, all\u00ed pueden ingresar y participar.<\/p>\n<p>&nbsp;<\/p>\n<p>Se han desarrollado los siguientes proyectos en los que se invita al p\u00fablico a interactuar:<\/p>\n<p>&nbsp;<\/p>\n<p><a href=\"https:\/\/www.instagram.com\/arte.participativo\/?igshid=1g5l9z0h5ug5t&amp;fbclid=IwAR1PPyQ_VLIQmgZdM3QRljA7udlmU4r4Fim1xnpCb2CNhjwusW_O-O_bvn0\">Arte participativo<\/a><\/p>\n<p dir=\"ltr\"><a href=\"https:\/\/www.facebook.com\/soycachetonaaaa\/videos\/2435832966520042\">Hagamos arte juntos<\/a><\/p>\n<p dir=\"ltr\"><a href=\"https:\/\/www.facebook.com\/photo?fbid=10217686231413617&amp;set=a.1900747004445\">#Arte al frente<\/a><\/p>\n<p dir=\"ltr\"><a href=\"https:\/\/www.instagram.com\/p\/CBlt4P2gmyF\/?fbclid=IwAR2J9YV4Z2e13N-Ji3Lbau5EENxG9F4NMgKCkxk2UWsfIRn9hRWAqMTdQaA\">Desaf\u00edo tetris<\/a><\/p>\n<p dir=\"ltr\"><a href=\"https:\/\/www.facebook.com\/photo?fbid=1470914216415077&amp;set=a.323847977788379\">#Desde mi ventana<\/a><\/p>\n<p dir=\"ltr\"><a href=\"https:\/\/www.instagram.com\/stories\/highlights\/18148026922019424\/\">Particip\u00e1 y hagamos arte<\/a><\/p>\n<p><a href=\"https:\/\/www.instagram.com\/p\/CBl6TYVH8xu\/?igshid=1i1kz0flelz3w&amp;fbclid=IwAR0wOLjOVoqJh49uzgOigSWW9uZtHAF_pEV1LsUbc3OEd6jnhyUWLrOMtNg\" target=\"_blank\" rel=\"nofollow noopener\" data-saferedirecturl=\"https:\/\/www.google.com\/url?q=https:\/\/www.instagram.com\/p\/CBl6TYVH8xu\/?igshid%3D1i1kz0flelz3w%26fbclid%3DIwAR0wOLjOVoqJh49uzgOigSWW9uZtHAF_pEV1LsUbc3OEd6jnhyUWLrOMtNg&amp;source=gmail&amp;ust=1593200619554000&amp;usg=AFQjCNFG5GiyCM5xNrpxjFAVUKnyMUIa_A\">ARTE PARTICIPATIVO desde una manera virtual<\/a><\/p>\n<p><a href=\"https:\/\/www.instagram.com\/arte_en_aislamiento\/?fbclid=IwAR0Xlrb1ICyOsn0sZ9X-L-v2NYRWFN86hLDdcW1XXbB8gVvdrMrTlXw-RFc\" target=\"_blank\" rel=\"nofollow noopener noreferrer\" data-saferedirecturl=\"https:\/\/www.google.com\/url?q=https:\/\/www.instagram.com\/arte_en_aislamiento\/?fbclid%3DIwAR0Xlrb1ICyOsn0sZ9X-L-v2NYRWFN86hLDdcW1XXbB8gVvdrMrTlXw-RFc&amp;source=gmail&amp;ust=1593221438241000&amp;usg=AFQjCNF06TJB31ThCAY6BZnSuAdjuwVg8w\">arte_en_aislamiento<\/a><\/p>\n<div><\/div>\n","protected":false},"excerpt":{"rendered":"<p>Proyecto de arte participativo virtual Carrera: Profesorado de Artes Visuales Taller: Pr\u00e1cticas contempor\u00e1neas en el arte &#8211; 3\u00ba A\u00f1o Profesor: Lic. Sergio Massera Profesora adscripta: Carolina Banchio Tomando como antecedente las pr\u00e1cticas art\u00edsticas conocidas como happenings y performances, y enfocados desde la est\u00e9tica relacional se proponen proyectos colectivos de lo que podemos denominar arte participativo. &#8230; <a title=\"Proyecto de arte participativo virtual\" class=\"read-more\" href=\"https:\/\/esbavillafane-cba.infd.edu.ar\/sitio\/practicas-contemporaneas-en-el-arte\/\" aria-label=\"More on Proyecto de arte participativo virtual\">[+]<\/a><\/p>\n","protected":false},"author":352,"featured_media":0,"parent":0,"menu_order":0,"comment_status":"closed","ping_status":"closed","template":"","meta":[],"acf":[],"_links":{"self":[{"href":"https:\/\/esbavillafane-cba.infd.edu.ar\/sitio\/wp-json\/wp\/v2\/pages\/1357"}],"collection":[{"href":"https:\/\/esbavillafane-cba.infd.edu.ar\/sitio\/wp-json\/wp\/v2\/pages"}],"about":[{"href":"https:\/\/esbavillafane-cba.infd.edu.ar\/sitio\/wp-json\/wp\/v2\/types\/page"}],"author":[{"embeddable":true,"href":"https:\/\/esbavillafane-cba.infd.edu.ar\/sitio\/wp-json\/wp\/v2\/users\/352"}],"replies":[{"embeddable":true,"href":"https:\/\/esbavillafane-cba.infd.edu.ar\/sitio\/wp-json\/wp\/v2\/comments?post=1357"}],"version-history":[{"count":11,"href":"https:\/\/esbavillafane-cba.infd.edu.ar\/sitio\/wp-json\/wp\/v2\/pages\/1357\/revisions"}],"predecessor-version":[{"id":1455,"href":"https:\/\/esbavillafane-cba.infd.edu.ar\/sitio\/wp-json\/wp\/v2\/pages\/1357\/revisions\/1455"}],"wp:attachment":[{"href":"https:\/\/esbavillafane-cba.infd.edu.ar\/sitio\/wp-json\/wp\/v2\/media?parent=1357"}],"curies":[{"name":"wp","href":"https:\/\/api.w.org\/{rel}","templated":true}]}}