{"id":1549,"date":"2020-12-19T13:43:07","date_gmt":"2020-12-19T16:43:07","guid":{"rendered":"https:\/\/esbavillafane-cba.infd.edu.ar\/sitio\/?page_id=1549"},"modified":"2020-12-20T11:09:48","modified_gmt":"2020-12-20T14:09:48","slug":"muestra-anual-2020","status":"publish","type":"page","link":"https:\/\/esbavillafane-cba.infd.edu.ar\/sitio\/muestra-anual-2020\/","title":{"rendered":"MUESTRA ANUAL 2020"},"content":{"rendered":"<h1><span style=\"font-weight: 400;\">#Sue\u00f1os<\/span><\/h1>\n<p>&nbsp;<\/p>\n<blockquote><p><span style=\"font-weight: 400;\">#Sue\u00f1os es un microrrelato audiovisual de construcci\u00f3n colectiva, que re\u00fane los trabajos de alumnas y alumnos de la Tecnicatura en Dise\u00f1o de Espacios y el Profesorado de Artes Visuales. <\/span><\/p><\/blockquote>\n<p><span style=\"font-weight: 400;\">Un momento en el espacio y tiempo que nos atraviesa, un \u00edndice de c\u00f3mo nos reinventamos y pudimos sobrellevar este 2020. Gracias a toda la comunidad de la Esba y a quienes acompa\u00f1an nuestro camino. Un agradecimiento especial a la Orquesta Sinf\u00f3nica Juvenil de la Ciudad de San Francisco y a Proyecto BigBang Arte.<\/span><\/p>\n<p><span style=\"font-weight: 400;\">#Sue\u00f1os #MuestraEsba2020 #MicrorrelatoAudiovisual\u00a0<\/span><\/p>\n<p>&nbsp;<\/p>\n<h3><b>Palabras de la Directora de la ESBA, Prof. Mirta Weinzettel\u00a0<\/b><\/h3>\n<p><span style=\"font-weight: 400;\">\u00bfQu\u00e9 es ser Escuela sino todo lo que vivimos en este 2020? Aquel marzo de este a\u00f1o en el que tuvimos que pensarnos ense\u00f1ando y aprendiendo a la distancia, estuvo cargado de miles de sensaciones, dudas, incertidumbres, pero algo estaba totalmente claro\u2026todos nosotros, los que hacemos escuela segu\u00edamos ah\u00ed, cada uno desde su espacio dom\u00e9stico, resignificando esos nuevos escenarios y modos de vincularnos para realizar nuestra tarea. No fue f\u00e1cil, pero hoy a la distancia y pr\u00f3ximos a comenzar el nuevo a\u00f1o, recogemos esos frutos, producto del trabajo colectivo y de la confianza en lo que somos y podemos. As\u00ed como los sue\u00f1os adquieren significados a partir de nuestros deseos, nuestra Escuela encontr\u00f3 esos sentidos, esos lenguajes que nos ayudan a expresar de mil formas la raz\u00f3n de nuestra existencia. \u00a1Gracias Estudiantes, gracias Docentes, gracias equipos! La ESBA sigue caminando, la ESBA crece, \u00a1\u00a1\u00a1la ESBA aprende!!!\u00a0<\/span><\/p>\n<p><span style=\"font-weight: 400;\">Ense\u00f1ar hoy es ante todo crear, inventar, salirse del gui\u00f3n o del libreto.\u00a0<\/span><\/p>\n<p><span style=\"font-weight: 400;\">Probar y ser puesto a prueba en cada circunstancia, aceptar y aprender a\u00a0<\/span><span style=\"font-weight: 400;\">permanecer en la confusi\u00f3n. Para ense\u00f1ar hoy necesitamos de saberes y\u00a0<\/span><span style=\"font-weight: 400;\">habilidades que nos permitan probar, experimentar, recrear y seguir\u00a0<\/span><span style=\"font-weight: 400;\">aprendiendo continuamente\u2026 Porque ense\u00f1ar, sigue implicando\u00a0<\/span><span style=\"font-weight: 400;\">intervenir con otro y sobre otro en un sentido formador y transformador,\u00a0<\/span><span style=\"font-weight: 400;\">emancipador (\u2026). (Alliaud, 2017, p.32)<\/span><\/p>\n<p><span style=\"font-weight: 400;\">A modo de cierre, comparto este texto de Fernando Pessoa<\/span><\/p>\n<p><span style=\"font-weight: 400;\">\u00abDE TODO, QUEDARON TRES COSAS\u00bb<\/span><\/p>\n<p><i><span style=\"font-weight: 400;\">la certeza de que estaba siempre comenzando,<\/span><\/i><\/p>\n<p><i><span style=\"font-weight: 400;\">la certeza de que hab\u00eda que seguir<\/span><\/i><\/p>\n<p><i><span style=\"font-weight: 400;\">y la certeza de que ser\u00eda interrumpido<\/span><\/i><\/p>\n<p><i><span style=\"font-weight: 400;\">antes de terminar.<\/span><\/i><\/p>\n<p><i><span style=\"font-weight: 400;\">Hacer de la interrupci\u00f3n un camino nuevo,<\/span><\/i><\/p>\n<p><i><span style=\"font-weight: 400;\">hacer de la ca\u00edda, un paso de danza,<\/span><\/i><\/p>\n<p><i><span style=\"font-weight: 400;\">del miedo, una escalera,<\/span><\/i><\/p>\n<p><i><span style=\"font-weight: 400;\">del sue\u00f1o, un puente, de la b\u00fasqueda,&#8230;un encuentro<\/span><\/i><\/p>\n<p>&nbsp;<\/p>\n<h3><b>Comisi\u00f3n Organizadora Muestra Anual 2020<\/b><\/h3>\n<p><b>Carrera\u00a0 Profesorado<\/b><span style=\"font-weight: 400;\">:\u00a0 Ricardo Marlatto, Fanny Francia y Nora S\u00e1nchez.<\/span><\/p>\n<p><b>Carrera Tecnicatura<\/b><span style=\"font-weight: 400;\">: Luciana Martino y Diego Pereyra.<\/span><\/p>\n<p><b>M\u00fasica:<\/b><span style=\"font-weight: 400;\"> Orquesta Sinf\u00f3nica Juvenil de la ciudad de San Francisco, dirigida por el Mtro Gustavo Juncos\u00a0<\/span><\/p>\n<p><b>Tema<\/b><span style=\"font-weight: 400;\">: \u201cFlaca\u201d de A. Calamaro<\/span><\/p>\n<p><span style=\"font-weight: 400;\"><strong>Concepto, gui\u00f3n y gesti\u00f3n de contenidos<\/strong>: Proyecto Big Bang \/Arte<\/span><\/p>\n<p><span style=\"font-weight: 400;\">\u00a0<\/span><\/p>\n<blockquote>\n<h2><i><span style=\"font-weight: 400;\">#Sue\u00f1os<\/span><\/i><\/h2>\n<p><i><span style=\"font-weight: 400;\">Tuve un sue\u00f1o.. iba a llegar tarde a la clase, y cuando quise abrir la puerta, estaba cerrada; no ve\u00eda nadie a mi alrededor, todos se hab\u00edan ido o nadie hab\u00eda llegado&#8230;\u00a0 ad\u00f3nde est\u00e1n &#8230;?<\/span><\/i><\/p>\n<p><i><span style=\"font-weight: 400;\">Por qu\u00e9 se fueron ? Ad\u00f3nde est\u00e1n las voces, las miradas, los encuentros, los abrazos..?\u00a0<\/span><\/i><\/p>\n<p><i><span style=\"font-weight: 400;\">De pronto estaba adentro&#8230; ve\u00eda los pasillos, las salas vac\u00edas, las sillas sobre los pupitres, el S.U.M., pero segu\u00eda sin encontrar a nadie&#8230;<\/span><\/i><\/p>\n<p><i><span style=\"font-weight: 400;\">Me despert\u00e9 con\u00a0 tu llamada,\u00a0 yo s\u00e9 que no puedo explicarte, o que quiz\u00e1s no entender\u00edas&#8230;<\/span><\/i><\/p>\n<p><i><span style=\"font-weight: 400;\">\u00bfC\u00f3mo construimos en estos tiempos?<\/span><\/i><\/p>\n<p><i><span style=\"font-weight: 400;\">\u00bfC\u00f3mo dialogamos?<\/span><\/i><\/p>\n<p><i><span style=\"font-weight: 400;\">\u00bfC\u00f3mo nos reinventamos en las formas, los modos, las perspectivas, el acto creativo&#8230;?<\/span><\/i><\/p>\n<p><i><span style=\"font-weight: 400;\">Como en el sue\u00f1o, somos mediadores, creadores y espectadores en un espacio y un tiempo diferente; esta muestra, este recorte, este instante, son un \u00edndice de todo lo que construimos en este\u00a0 inolvidable\u00a0 2020&#8230;<\/span><\/i><\/p>\n<p><i><span style=\"font-weight: 400;\"> Pasen\u00a0 la puerta est\u00e1 abierta\u2026<\/span><\/i><\/p>\n<p><span style=\"font-weight: 400;\">(<\/span><i><span style=\"font-weight: 400;\">M\u00f2nica Mantegazza &#8211; PBB\/Arte<\/span><\/i><span style=\"font-weight: 400;\">)<\/span><\/p><\/blockquote>\n<p>&nbsp;<\/p>\n<p>&nbsp;<\/p>\n<p><iframe loading=\"lazy\" title=\"ESBA Muestra Anual 2020\" width=\"1200\" height=\"675\" src=\"https:\/\/www.youtube.com\/embed\/bA2b1ni7QIE?feature=oembed\" frameborder=\"0\" allow=\"accelerometer; autoplay; clipboard-write; encrypted-media; gyroscope; picture-in-picture; web-share\" allowfullscreen><\/iframe><\/p>\n<p>&nbsp;<\/p>\n<p>&nbsp;<\/p>\n","protected":false},"excerpt":{"rendered":"<p>#Sue\u00f1os &nbsp; #Sue\u00f1os es un microrrelato audiovisual de construcci\u00f3n colectiva, que re\u00fane los trabajos de alumnas y alumnos de la Tecnicatura en Dise\u00f1o de Espacios y el Profesorado de Artes Visuales. Un momento en el espacio y tiempo que nos atraviesa, un \u00edndice de c\u00f3mo nos reinventamos y pudimos sobrellevar este 2020. Gracias a toda &#8230; <a title=\"MUESTRA ANUAL 2020\" class=\"read-more\" href=\"https:\/\/esbavillafane-cba.infd.edu.ar\/sitio\/muestra-anual-2020\/\" aria-label=\"More on MUESTRA ANUAL 2020\">[+]<\/a><\/p>\n","protected":false},"author":352,"featured_media":1558,"parent":0,"menu_order":0,"comment_status":"closed","ping_status":"closed","template":"","meta":[],"acf":[],"_links":{"self":[{"href":"https:\/\/esbavillafane-cba.infd.edu.ar\/sitio\/wp-json\/wp\/v2\/pages\/1549"}],"collection":[{"href":"https:\/\/esbavillafane-cba.infd.edu.ar\/sitio\/wp-json\/wp\/v2\/pages"}],"about":[{"href":"https:\/\/esbavillafane-cba.infd.edu.ar\/sitio\/wp-json\/wp\/v2\/types\/page"}],"author":[{"embeddable":true,"href":"https:\/\/esbavillafane-cba.infd.edu.ar\/sitio\/wp-json\/wp\/v2\/users\/352"}],"replies":[{"embeddable":true,"href":"https:\/\/esbavillafane-cba.infd.edu.ar\/sitio\/wp-json\/wp\/v2\/comments?post=1549"}],"version-history":[{"count":14,"href":"https:\/\/esbavillafane-cba.infd.edu.ar\/sitio\/wp-json\/wp\/v2\/pages\/1549\/revisions"}],"predecessor-version":[{"id":2441,"href":"https:\/\/esbavillafane-cba.infd.edu.ar\/sitio\/wp-json\/wp\/v2\/pages\/1549\/revisions\/2441"}],"wp:featuredmedia":[{"embeddable":true,"href":"https:\/\/esbavillafane-cba.infd.edu.ar\/sitio\/wp-json\/wp\/v2\/media\/1558"}],"wp:attachment":[{"href":"https:\/\/esbavillafane-cba.infd.edu.ar\/sitio\/wp-json\/wp\/v2\/media?parent=1549"}],"curies":[{"name":"wp","href":"https:\/\/api.w.org\/{rel}","templated":true}]}}