{"id":1768,"date":"2021-05-18T17:26:44","date_gmt":"2021-05-18T20:26:44","guid":{"rendered":"https:\/\/esbavillafane-cba.infd.edu.ar\/sitio\/?page_id=1768"},"modified":"2023-03-31T18:25:41","modified_gmt":"2023-03-31T21:25:41","slug":"vacantes","status":"publish","type":"page","link":"https:\/\/esbavillafane-cba.infd.edu.ar\/sitio\/vacantes\/","title":{"rendered":"VACANTES"},"content":{"rendered":"\n<p><\/p>\n\n\n<p>\u00a0<\/p>\n<p>\u00a0<\/p>\n<p>\u00a0<\/p>\n<p>DICT\u00c1MENES CONVOCATORIA MARZO 2023<\/p>\n<p>PR\u00c1CTICAS PROFESIONALIZANTES I<a href=\"https:\/\/esbavillafane-cba.infd.edu.ar\/sitio\/wp-content\/uploads\/2023\/03\/02.Practica-Profesionalizante-I.pdf\">02.Pr\u00e1ctica Profesionalizante I<\/a><\/p>\n<p>DISE\u00d1O I <a href=\"https:\/\/esbavillafane-cba.infd.edu.ar\/sitio\/wp-content\/uploads\/2023\/03\/03.Diseno-I.pdf\">03.Dise\u00f1o I<\/a><\/p>\n<p>Carrera: TECNICATURA SUPERIOR EN DISE\u00d1O DE ESPACIOS<br \/>Espacio Curricular: SISTEMAS DE REPRESENTACI\u00d3N II<br \/>Car\u00e1cter (interino\/suplente): INTERINO<br \/>Curso\/Divisi\u00f3n: 2 a\u00f1o, divisi\u00f3n \u00abA\u00bb<br \/>Carga horaria: 5 HORAS<br \/>D\u00edas y Horario de desempe\u00f1o: MARTES de 16.40 a 18.00 Y MI\u00c9RCOLES de 14.30 a 16.30.\u00a0<br \/>Causal de la vacante: RENUNCIA<br \/>D\u00edas de Inscripci\u00f3n: DE 3 AL 05 DE ABRIL de 2023.<\/p>\n<p>RESILUCI\u00d3N CARRERA TECNICATUIRA SUPERIOR EN DISE\u00d1O DE ESPACIOS 1501\/17 <a href=\"https:\/\/esbavillafane-cba.infd.edu.ar\/sitio\/wp-content\/uploads\/2023\/03\/Res.-1501-17.-TS.-en-Diseno-de-Espacios-COMPRIMIDO.pdf\">Res. 1501-17. TS. en Dise\u00f1o de Espacios-COMPRIMIDO<\/a><\/p>\n<p><span style=\"color: #3366ff;\">Segu\u00ed leyendo los t\u00edtulos en la pesta\u00f1a Convocatoria a cargos docentes.<\/span><\/p>\n\n\n<p><\/p>\n\n\n\n<p><\/p>\n","protected":false},"excerpt":{"rendered":"<p>\u00a0 \u00a0 \u00a0 DICT\u00c1MENES CONVOCATORIA MARZO 2023 PR\u00c1CTICAS PROFESIONALIZANTES I02.Pr\u00e1ctica Profesionalizante I DISE\u00d1O I 03.Dise\u00f1o I Carrera: TECNICATURA SUPERIOR EN DISE\u00d1O DE ESPACIOSEspacio Curricular: SISTEMAS DE REPRESENTACI\u00d3N IICar\u00e1cter (interino\/suplente): INTERINOCurso\/Divisi\u00f3n: 2 a\u00f1o, divisi\u00f3n \u00abA\u00bbCarga horaria: 5 HORASD\u00edas y Horario de desempe\u00f1o: MARTES de 16.40 a 18.00 Y MI\u00c9RCOLES de 14.30 a 16.30.\u00a0Causal de la vacante: &#8230; <a title=\"VACANTES\" class=\"read-more\" href=\"https:\/\/esbavillafane-cba.infd.edu.ar\/sitio\/vacantes\/\" aria-label=\"More on VACANTES\">[+]<\/a><\/p>\n","protected":false},"author":13,"featured_media":0,"parent":0,"menu_order":0,"comment_status":"closed","ping_status":"closed","template":"","meta":[],"acf":[],"_links":{"self":[{"href":"https:\/\/esbavillafane-cba.infd.edu.ar\/sitio\/wp-json\/wp\/v2\/pages\/1768"}],"collection":[{"href":"https:\/\/esbavillafane-cba.infd.edu.ar\/sitio\/wp-json\/wp\/v2\/pages"}],"about":[{"href":"https:\/\/esbavillafane-cba.infd.edu.ar\/sitio\/wp-json\/wp\/v2\/types\/page"}],"author":[{"embeddable":true,"href":"https:\/\/esbavillafane-cba.infd.edu.ar\/sitio\/wp-json\/wp\/v2\/users\/13"}],"replies":[{"embeddable":true,"href":"https:\/\/esbavillafane-cba.infd.edu.ar\/sitio\/wp-json\/wp\/v2\/comments?post=1768"}],"version-history":[{"count":23,"href":"https:\/\/esbavillafane-cba.infd.edu.ar\/sitio\/wp-json\/wp\/v2\/pages\/1768\/revisions"}],"predecessor-version":[{"id":2690,"href":"https:\/\/esbavillafane-cba.infd.edu.ar\/sitio\/wp-json\/wp\/v2\/pages\/1768\/revisions\/2690"}],"wp:attachment":[{"href":"https:\/\/esbavillafane-cba.infd.edu.ar\/sitio\/wp-json\/wp\/v2\/media?parent=1768"}],"curies":[{"name":"wp","href":"https:\/\/api.w.org\/{rel}","templated":true}]}}