{"id":789,"date":"2018-08-30T11:28:10","date_gmt":"2018-08-30T14:28:10","guid":{"rendered":"https:\/\/esbavillafane-cba.infd.edu.ar\/sitio\/nivel-inicial-de-artes\/"},"modified":"2025-09-24T19:25:10","modified_gmt":"2025-09-24T22:25:10","slug":"nivel-inicial-de-artes","status":"publish","type":"page","link":"https:\/\/esbavillafane-cba.infd.edu.ar\/sitio\/nivel-inicial-de-artes\/","title":{"rendered":"Ciclo Art\u00edstico Vocacional Infantil"},"content":{"rendered":"\n<p class=\"has-text-align-center has-accent-color has-text-color has-large-font-size\"><\/p>\n\n\n\n<p class=\"has-text-align-center has-accent-color has-contrast-3-background-color has-text-color has-background has-large-font-size\">INSCRIPCIONES 2026 <\/p>\n\n\n\n<p class=\"has-text-align-center has-accent-color has-contrast-3-background-color has-text-color has-background has-large-font-size\">A PARTIR DEL 25\/11\/25<\/p>\n\n\n\n<p><\/p>\n\n\n<div id='gallery-1' class='gallery galleryid-789 gallery-columns-3 gallery-size-thumbnail'><figure class='gallery-item'>\n\t\t\t<div class='gallery-icon portrait'>\n\t\t\t\t<a href='https:\/\/esbavillafane-cba.infd.edu.ar\/sitio\/wp-content\/uploads\/2019\/11\/IMG-20180821-WA0034.jpg'><img width=\"500\" height=\"500\" src=\"https:\/\/esbavillafane-cba.infd.edu.ar\/sitio\/wp-content\/uploads\/2019\/11\/IMG-20180821-WA0034-500x500.jpg\" class=\"attachment-thumbnail size-thumbnail\" alt=\"\" decoding=\"async\" loading=\"lazy\" \/><\/a>\n\t\t\t<\/div><\/figure><figure class='gallery-item'>\n\t\t\t<div class='gallery-icon portrait'>\n\t\t\t\t<a href='https:\/\/esbavillafane-cba.infd.edu.ar\/sitio\/wp-content\/uploads\/2019\/11\/IMG-20180821-WA0052.jpg'><img width=\"500\" height=\"500\" src=\"https:\/\/esbavillafane-cba.infd.edu.ar\/sitio\/wp-content\/uploads\/2019\/11\/IMG-20180821-WA0052-500x500.jpg\" class=\"attachment-thumbnail size-thumbnail\" alt=\"\" decoding=\"async\" loading=\"lazy\" \/><\/a>\n\t\t\t<\/div><\/figure><figure class='gallery-item'>\n\t\t\t<div class='gallery-icon landscape'>\n\t\t\t\t<a href='https:\/\/esbavillafane-cba.infd.edu.ar\/sitio\/wp-content\/uploads\/2023\/05\/IMG_20230413_190813_205.webp'><img width=\"500\" height=\"500\" src=\"https:\/\/esbavillafane-cba.infd.edu.ar\/sitio\/wp-content\/uploads\/2023\/05\/IMG_20230413_190813_205-500x500.webp\" class=\"attachment-thumbnail size-thumbnail\" alt=\"\" decoding=\"async\" loading=\"lazy\" srcset=\"https:\/\/esbavillafane-cba.infd.edu.ar\/sitio\/wp-content\/uploads\/2023\/05\/IMG_20230413_190813_205-500x500.webp 500w, https:\/\/esbavillafane-cba.infd.edu.ar\/sitio\/wp-content\/uploads\/2023\/05\/IMG_20230413_190813_205-1000x1000.webp 1000w, https:\/\/esbavillafane-cba.infd.edu.ar\/sitio\/wp-content\/uploads\/2023\/05\/IMG_20230413_190813_205-768x768.webp 768w, https:\/\/esbavillafane-cba.infd.edu.ar\/sitio\/wp-content\/uploads\/2023\/05\/IMG_20230413_190813_205.webp 1080w\" sizes=\"(max-width: 500px) 100vw, 500px\" \/><\/a>\n\t\t\t<\/div><\/figure><figure class='gallery-item'>\n\t\t\t<div class='gallery-icon landscape'>\n\t\t\t\t<a href='https:\/\/esbavillafane-cba.infd.edu.ar\/sitio\/wp-content\/uploads\/2019\/11\/IMG-20180821-WA0050.jpg'><img width=\"500\" height=\"500\" src=\"https:\/\/esbavillafane-cba.infd.edu.ar\/sitio\/wp-content\/uploads\/2019\/11\/IMG-20180821-WA0050-500x500.jpg\" class=\"attachment-thumbnail size-thumbnail\" alt=\"\" decoding=\"async\" loading=\"lazy\" \/><\/a>\n\t\t\t<\/div><\/figure><figure class='gallery-item'>\n\t\t\t<div class='gallery-icon portrait'>\n\t\t\t\t<a href='https:\/\/esbavillafane-cba.infd.edu.ar\/sitio\/wp-content\/uploads\/2019\/11\/IMG-20180821-WA0051.jpg'><img width=\"500\" height=\"500\" src=\"https:\/\/esbavillafane-cba.infd.edu.ar\/sitio\/wp-content\/uploads\/2019\/11\/IMG-20180821-WA0051-500x500.jpg\" class=\"attachment-thumbnail size-thumbnail\" alt=\"\" decoding=\"async\" loading=\"lazy\" \/><\/a>\n\t\t\t<\/div><\/figure><figure class='gallery-item'>\n\t\t\t<div class='gallery-icon landscape'>\n\t\t\t\t<a href='https:\/\/esbavillafane-cba.infd.edu.ar\/sitio\/wp-content\/uploads\/2023\/05\/20230413_154410-scaled.jpg'><img width=\"500\" height=\"500\" src=\"https:\/\/esbavillafane-cba.infd.edu.ar\/sitio\/wp-content\/uploads\/2023\/05\/20230413_154410-500x500.jpg\" class=\"attachment-thumbnail size-thumbnail\" alt=\"\" decoding=\"async\" loading=\"lazy\" \/><\/a>\n\t\t\t<\/div><\/figure>\n\t\t<\/div>\n\n<p><span style=\"font-family: verdana,geneva; font-size: 12pt;\">El <strong>Ciclo Art\u00edstico Vocacional Infantil (CAVI)<\/strong> est\u00e1 compuesto por cinco ciclos organizados por edades. Las ni\u00f1as y ni\u00f1os deben asistir a cada ciclo en contra turno del horario de la escolaridad obligatoria.<\/span><\/p>\n<p>Detalles:<\/p>\n<p><span style=\"font-family: verdana,geneva; font-size: 12pt;\">&#8211;&nbsp; &nbsp; &nbsp; &nbsp; &nbsp; <strong>Ciclo I de 1\u00ba y 2\u00ba grado<\/strong> Turno Ma\u00f1ana: Jueves de 9 a 11hs<\/span><\/p>\n<p>&nbsp; &nbsp; &nbsp; &nbsp; &nbsp; &nbsp; &nbsp; &nbsp; &nbsp; &nbsp; &nbsp; &nbsp; &nbsp; &nbsp; &nbsp; &nbsp; &nbsp; &nbsp; &nbsp; &nbsp; &nbsp; &nbsp; &nbsp; &nbsp; &nbsp; &nbsp; &nbsp; &nbsp; &nbsp; &nbsp; &nbsp; &nbsp; &nbsp; &nbsp;Turno Tarde: Martes de 14 a 15.45hs<\/p>\n<p><span style=\"font-family: verdana,geneva; font-size: 12pt;\">&#8211;&nbsp; &nbsp; &nbsp; &nbsp; &nbsp; <strong>Ciclo&nbsp; II de 3\u00ba y 4\u00b0grado<\/strong> Turno Ma\u00f1ana: Martes de 9 a 11hs<\/span><\/p>\n<p>&nbsp; &nbsp; &nbsp; &nbsp; &nbsp; &nbsp; &nbsp; &nbsp; &nbsp; &nbsp; &nbsp; &nbsp; &nbsp; &nbsp; &nbsp; &nbsp; &nbsp; &nbsp; &nbsp; &nbsp; &nbsp; &nbsp; &nbsp; &nbsp; &nbsp; &nbsp; &nbsp; &nbsp; &nbsp; &nbsp; &nbsp; &nbsp; &nbsp; &nbsp; &nbsp;Turno Tarde : Martes de 16 a 17.45hs<\/p>\n<p><span style=\"font-family: verdana,geneva; font-size: 12pt;\">&#8211;&nbsp; &nbsp; &nbsp; &nbsp; &nbsp; <strong>Ciclo III de 5\u00ba y 6\u00ba grado<\/strong> Turno Ma\u00f1ana: Jueves de 9 a 11hs<\/span><\/p>\n<p>&nbsp; &nbsp; &nbsp; &nbsp; &nbsp; &nbsp; &nbsp; &nbsp; &nbsp; &nbsp; &nbsp; &nbsp; &nbsp; &nbsp; &nbsp; &nbsp; &nbsp; &nbsp; &nbsp; &nbsp; &nbsp; &nbsp; &nbsp; &nbsp; &nbsp; &nbsp; &nbsp; &nbsp; &nbsp; &nbsp; &nbsp; &nbsp; &nbsp; &nbsp; &nbsp; Turno Tarde: Jueves de 15 a 17hs<\/p>\n<p><span style=\"font-family: verdana,geneva; font-size: 12pt;\">&#8211;&nbsp; &nbsp; &nbsp; &nbsp; &nbsp; <strong>Ciclo IV de Nivel Medio 1-2-3 a\u00f1o<\/strong> \u00danico turno: Martes de 18 a 19.45hs<\/span><\/p>\n<p><span style=\"font-family: verdana,geneva; font-size: 12pt;\">&#8211;&nbsp; &nbsp; &nbsp; &nbsp; &nbsp; <strong>Ciclo V Nivel Medio&nbsp; 4-5 y 6 a\u00f1o<\/strong> \u00danico Turno: Jueves de 18 a 19.45hs<\/span><\/p>\n<p><span style=\"font-family: verdana,geneva; font-size: 12pt;\">Los Lenguajes Art\u00edsticos contribuyen a cubrir todos los aspectos del arte de la comunicaci\u00f3n pl\u00e1stica, entre los que se incluyen saber ver, interpretar, y expresar por medio de la imagen, as\u00ed como las distintas formas de manifestaciones emocionales, sensoriales, sentimientos e ideas.<\/span><\/p>\n<p><span style=\"font-family: verdana,geneva; font-size: 12pt;\">En esta etapa de la ni\u00f1ez el expresarse pl\u00e1sticamente a trav\u00e9s de las distintas posibles formas \u2013tales como graficar, pintar, pegar, modelar, construir y grabar- es una actividad intr\u00ednsecamente necesaria. El arte pl\u00e1stico infantil es una forma de comunicaci\u00f3n no verbal que integra desde los desarrollos motores que involucran la visi\u00f3n y las habilidades manuales, hasta todos los sentimientos del ni\u00f1o que intervienen en sus constantes procesos de conocimiento del mundo.<\/span><\/p>\n<p><img decoding=\"async\" loading=\"lazy\" class=\"wp-image-2268 alignright\" src=\"https:\/\/esbavillafane-cba.infd.edu.ar\/sitio\/wp-content\/uploads\/2023\/04\/IMG-20230411-WA0017-1000x750.jpg\" alt=\"\" width=\"618\" height=\"463\" srcset=\"https:\/\/esbavillafane-cba.infd.edu.ar\/sitio\/wp-content\/uploads\/2023\/04\/IMG-20230411-WA0017-1000x750.jpg 1000w, https:\/\/esbavillafane-cba.infd.edu.ar\/sitio\/wp-content\/uploads\/2023\/04\/IMG-20230411-WA0017-768x576.jpg 768w, https:\/\/esbavillafane-cba.infd.edu.ar\/sitio\/wp-content\/uploads\/2023\/04\/IMG-20230411-WA0017-1536x1152.jpg 1536w, https:\/\/esbavillafane-cba.infd.edu.ar\/sitio\/wp-content\/uploads\/2023\/04\/IMG-20230411-WA0017.jpg 1600w\" sizes=\"(max-width: 618px) 100vw, 618px\" \/> <img decoding=\"async\" loading=\"lazy\" class=\"wp-image-2269 alignleft\" src=\"https:\/\/esbavillafane-cba.infd.edu.ar\/sitio\/wp-content\/uploads\/2023\/04\/IMG-20230411-WA0022-750x1000.jpg\" alt=\"\" width=\"348\" height=\"464\" srcset=\"https:\/\/esbavillafane-cba.infd.edu.ar\/sitio\/wp-content\/uploads\/2023\/04\/IMG-20230411-WA0022-750x1000.jpg 750w, https:\/\/esbavillafane-cba.infd.edu.ar\/sitio\/wp-content\/uploads\/2023\/04\/IMG-20230411-WA0022-768x1024.jpg 768w, https:\/\/esbavillafane-cba.infd.edu.ar\/sitio\/wp-content\/uploads\/2023\/04\/IMG-20230411-WA0022-1152x1536.jpg 1152w, https:\/\/esbavillafane-cba.infd.edu.ar\/sitio\/wp-content\/uploads\/2023\/04\/IMG-20230411-WA0022.jpg 1200w\" sizes=\"(max-width: 348px) 100vw, 348px\" \/><\/p>\n<h3>&nbsp;<\/h3>\n<h3>&nbsp;<\/h3>\n<h3>&nbsp;<\/h3>\n<h3>&nbsp;<\/h3>\n<h3>&nbsp;<\/h3>\n<h3>&nbsp;<\/h3>\n<h3>&nbsp;<\/h3>\n<h3>&nbsp;<\/h3>\n<p><\/p>\n<p>Para formar parte del&nbsp; C.A.V.I se debe completar y presentar en nuestra instituci\u00f3n la siguiente planilla:<\/p>\n<p><a href=\"https:\/\/esbavillafane-cba.infd.edu.ar\/sitio\/wp-content\/uploads\/2024\/12\/XC.A.V.I-Primera-vez.docx\">&nbsp;<\/a><a href=\"https:\/\/esbavillafane-cba.infd.edu.ar\/sitio\/wp-content\/uploads\/2025\/09\/XC.A.V.I-Primera-vez.docx\">C.A.V.I-Primera-vez<\/a><\/p>\n<p><a href=\"https:\/\/esbavillafane-cba.infd.edu.ar\/sitio\/wp-content\/uploads\/2025\/09\/SOLICITUD-C.A.V.I-Ya-venian-antes.doc\">SOLICITUD-C.A.V.I-Ya-venian-antes<\/a><\/p>\n<p><a href=\"https:\/\/esbavillafane-cba.infd.edu.ar\/sitio\/wp-content\/uploads\/2020\/12\/Certificado-\u00danico-de-Salud-CUS.docx\">Certificado \u00danico de Salud-CUS<\/a><\/p>\n<p><a href=\"https:\/\/esbavillafane-cba.infd.edu.ar\/sitio\/wp-content\/uploads\/2019\/11\/ISA-1-1.doc\">ISA <\/a><\/p>\n<p>A continuaci\u00f3n, adjuntamos la normativa del mismo.<\/p>\n<p><a href=\"https:\/\/esbavillafane-cba.infd.edu.ar\/sitio\/wp-content\/uploads\/2019\/11\/R-M-221-Normativa-Talleres-Ciclo-Vocacional.pdf\">R (M) 221 Normativa Talleres Ciclo Vocacional<\/a><\/p>\n<p>Para m\u00e1s informaci\u00f3n, llamar o escribir WhatsApp&nbsp; al 3564 -375142 los martes y jueves por la ma\u00f1ana a partir de las 8 a 12hs; y por la tarde de lunes a viernes de 14:30 a 20:00hs.<\/p>\n<p style=\"text-align: center;\"><span style=\"color: #ff00ff; font-family: comic sans ms,sans-serif;\"><span style=\"font-size: 12pt;\">&nbsp;<\/span><\/span><\/p>\n<p style=\"text-align: center;\"><\/p>\n\n\n<p><\/p>\n","protected":false},"excerpt":{"rendered":"<p>INSCRIPCIONES 2026 A PARTIR DEL 25\/11\/25 El Ciclo Art\u00edstico Vocacional Infantil (CAVI) est\u00e1 compuesto por cinco ciclos organizados por edades. Las ni\u00f1as y ni\u00f1os deben asistir a cada ciclo en contra turno del horario de la escolaridad obligatoria. Detalles: &#8211;&nbsp; &nbsp; &nbsp; &nbsp; &nbsp; Ciclo I de 1\u00ba y 2\u00ba grado Turno Ma\u00f1ana: Jueves de &#8230; <a title=\"Ciclo Art\u00edstico Vocacional Infantil\" class=\"read-more\" href=\"https:\/\/esbavillafane-cba.infd.edu.ar\/sitio\/nivel-inicial-de-artes\/\" aria-label=\"More on Ciclo Art\u00edstico Vocacional Infantil\">[+]<\/a><\/p>\n","protected":false},"author":13,"featured_media":1192,"parent":0,"menu_order":0,"comment_status":"closed","ping_status":"closed","template":"","meta":[],"acf":[],"_links":{"self":[{"href":"https:\/\/esbavillafane-cba.infd.edu.ar\/sitio\/wp-json\/wp\/v2\/pages\/789"}],"collection":[{"href":"https:\/\/esbavillafane-cba.infd.edu.ar\/sitio\/wp-json\/wp\/v2\/pages"}],"about":[{"href":"https:\/\/esbavillafane-cba.infd.edu.ar\/sitio\/wp-json\/wp\/v2\/types\/page"}],"author":[{"embeddable":true,"href":"https:\/\/esbavillafane-cba.infd.edu.ar\/sitio\/wp-json\/wp\/v2\/users\/13"}],"replies":[{"embeddable":true,"href":"https:\/\/esbavillafane-cba.infd.edu.ar\/sitio\/wp-json\/wp\/v2\/comments?post=789"}],"version-history":[{"count":31,"href":"https:\/\/esbavillafane-cba.infd.edu.ar\/sitio\/wp-json\/wp\/v2\/pages\/789\/revisions"}],"predecessor-version":[{"id":2655,"href":"https:\/\/esbavillafane-cba.infd.edu.ar\/sitio\/wp-json\/wp\/v2\/pages\/789\/revisions\/2655"}],"wp:featuredmedia":[{"embeddable":true,"href":"https:\/\/esbavillafane-cba.infd.edu.ar\/sitio\/wp-json\/wp\/v2\/media\/1192"}],"wp:attachment":[{"href":"https:\/\/esbavillafane-cba.infd.edu.ar\/sitio\/wp-json\/wp\/v2\/media?parent=789"}],"curies":[{"name":"wp","href":"https:\/\/api.w.org\/{rel}","templated":true}]}}