{"id":791,"date":"2018-08-30T11:28:10","date_gmt":"2018-08-30T14:28:10","guid":{"rendered":"https:\/\/esbavillafane-cba.infd.edu.ar\/sitio\/profesorado-de-artes-visuales\/"},"modified":"2025-09-24T18:49:08","modified_gmt":"2025-09-24T21:49:08","slug":"profesorado-de-artes-visuales","status":"publish","type":"page","link":"https:\/\/esbavillafane-cba.infd.edu.ar\/sitio\/profesorado-de-artes-visuales\/","title":{"rendered":"Profesorado de Artes Visuales"},"content":{"rendered":"<h2><span style=\"color: #333399;\">Inscripci\u00f3n 2026\u00a0<\/span><\/h2>\n<p>La\u00a0<strong>pre<\/strong> matriculaci\u00f3n 2026 se encontrara habilitada a partir del 15 <strong>noviembre de 2025<\/strong>\u00a0y se realiza en <a href=\"https:\/\/www.cba.gov.ar\/gestion-estudiantes\/\">https:\/\/www.cba.gov.ar\/gestion-estudiantes\/\u00a0 \u00a0<\/a><\/p>\n<p>Sigue estas instrucciones para facilitar tu tarea:<\/p>\n<p><a href=\"https:\/\/esbavillafane-cba.infd.edu.ar\/sitio\/wp-content\/uploads\/2024\/11\/Instructivo-prematriculacion.pdf\">Instructivo prematriculacion<\/a><\/p>\n<p>Adem\u00e1s, para completar tu inscripci\u00f3n deber\u00e1s presentar <span style=\"font-size: inherit;\">completa la siguiente autorizaci\u00f3n (con los requisitos en ellas descriptos) y presentarla en tiempo y forma en nuestra instituci\u00f3n en las fechas habilitadas.\u00a0<\/span><\/p>\n<p><a href=\"https:\/\/esbavillafane-cba.infd.edu.ar\/sitio\/wp-content\/uploads\/2025\/09\/SOLICITUD-1er-ano-MATRICULA-NIVEL-SUPERIOR.doc\">SOLICITUD 1er a\u00f1o MATRICULA NIVEL SUPERIOR<\/a><\/p>\n<p><a href=\"https:\/\/esbavillafane-cba.infd.edu.ar\/sitio\/wp-content\/uploads\/2020\/12\/Certificado-\u00danico-de-Salud-CUS.docx\">\u00a0<\/a><a href=\"https:\/\/esbavillafane-cba.infd.edu.ar\/sitio\/wp-content\/uploads\/2023\/08\/Certificado-Unico-de-Salud-CUS.pdf\">Certificado-\u00danico-de-Salud-CUS<\/a><\/p>\n<p><a href=\"https:\/\/esbavillafane-cba.infd.edu.ar\/sitio\/wp-content\/uploads\/2019\/11\/ISA-1-1.doc\">ISA <\/a><\/p>\n<p>El t\u00edtulo tiene validez nacional, por lo tanto, est\u00e1n reconocidos y pueden continuar estudiando en cualquier Universidad o Instituto Superior para perfeccionarlo. El <strong>egresado<\/strong> est\u00e1 capacitado para:<\/p>\n<ul>\n<li>Desempe\u00f1arse como docente de artes visuales en todos los niveles del sistema.<\/li>\n<li>Compromiso con la praxis educativa, con una mirada discursiva en la ense\u00f1anza del arte.<\/li>\n<li>Adquiere responsabilidad \u00e9tica y pol\u00edtica con la sociedad desde la pr\u00e1ctica profesional.<\/li>\n<li>Praxis art\u00edstica que el estudiante desarrolla en su formaci\u00f3n y como trabajador del arte y la cultura.<\/li>\n<\/ul>\n<h4 style=\"text-align: center;\">Tener en cuenta que el Seminario de Ingreso \u00abEl Oficio de Ense\u00f1ar\u00bb a primer a\u00f1o comienza en segunda quincena de febrero\u00a0 o en la primera semana de marzo de 2026. Cursado Obligatorio.<\/h4>\n<p>Para m\u00e1s informaci\u00f3n, llamar o escribir al 3564- 375142 los martes y jueves por la ma\u00f1ana a partir de las 8hs a 12hs y por la tarde de lunes a viernes de 15:00hs a 19:00hs.<\/p>\n<p><strong>Duraci\u00f3n:<\/strong> 4 (cuatro) a\u00f1os.<\/p>\n<table style=\"width: 100%;\" border=\"1\" cellspacing=\"0\" cellpadding=\"0\">\n<tbody>\n<tr>\n<td colspan=\"6\" valign=\"top\" width=\"746\">\n<p style=\"text-align: center;\"><span style=\"color: #0000ff;\"><strong>PROFESORADO DE ARTES VISUALES: 1\u00ba A\u00d1O<\/strong><\/span><\/p>\n<\/td>\n<\/tr>\n<tr>\n<td valign=\"top\" width=\"310\">\n<p style=\"text-align: center;\"><strong>Unidades curriculares<\/strong><\/p>\n<\/td>\n<td style=\"text-align: center;\" valign=\"top\" width=\"77\"><strong>Hs. C\u00e1tedra semanales<\/strong><\/td>\n<td style=\"text-align: center;\" valign=\"top\" width=\"83\"><strong>Hs. C\u00e1tedra anuales<\/strong><\/td>\n<td style=\"text-align: center;\" valign=\"top\" width=\"85\"><strong>Hs. asignadas para el Taller Integrador<\/strong><\/td>\n<td style=\"text-align: center;\" valign=\"top\" width=\"85\"><strong>Total hs. docente<\/strong><\/td>\n<td valign=\"top\" width=\"105\">\n<p style=\"text-align: center;\"><strong>Formato Curricular<\/strong><\/p>\n<\/td>\n<\/tr>\n<tr>\n<td colspan=\"6\" valign=\"top\" width=\"746\">\n<p style=\"text-align: center;\">CAMPO DE LA FORMACI\u00d3N GENERAL<\/p>\n<\/td>\n<\/tr>\n<tr>\n<td valign=\"top\" width=\"310\">Pedagog\u00eda<\/td>\n<td valign=\"top\" width=\"77\">4<\/td>\n<td valign=\"top\" width=\"83\">128<\/td>\n<td valign=\"top\" width=\"85\">0<\/td>\n<td valign=\"top\" width=\"85\">4<\/td>\n<td valign=\"top\" width=\"105\">Asignatura<\/td>\n<\/tr>\n<tr>\n<td valign=\"top\" width=\"310\">Problem\u00e1ticas Socio antropol\u00f3gicas en Educaci\u00f3n<\/td>\n<td valign=\"top\" width=\"77\">3<\/td>\n<td valign=\"top\" width=\"83\">96<\/td>\n<td valign=\"top\" width=\"85\">1<\/td>\n<td valign=\"top\" width=\"85\">4<\/td>\n<td valign=\"top\" width=\"105\">Seminario<\/td>\n<\/tr>\n<tr>\n<td colspan=\"6\" valign=\"top\" width=\"746\">\n<p style=\"text-align: center;\">CAMPO DE LA PR\u00c1CTICA DOCENTE<\/p>\n<\/td>\n<\/tr>\n<tr>\n<td rowspan=\"2\" valign=\"top\" width=\"310\">Pr\u00e1ctica Docente I: Arte, Cultura y Sociedad<\/td>\n<td rowspan=\"2\" valign=\"top\" width=\"77\">3<\/td>\n<td rowspan=\"2\" valign=\"top\" width=\"83\">96<\/td>\n<td rowspan=\"2\" valign=\"top\" width=\"85\">1<\/td>\n<td rowspan=\"2\" valign=\"top\" width=\"85\">4<\/td>\n<td valign=\"top\" width=\"105\">Seminario<\/td>\n<\/tr>\n<tr>\n<td valign=\"top\" width=\"105\">Taller Integrador<\/td>\n<\/tr>\n<tr>\n<td colspan=\"6\" valign=\"top\" width=\"746\">\n<p style=\"text-align: center;\">CAMPO DE LA FORMACI\u00d3N ESPEC\u00cdFICA<\/p>\n<\/td>\n<\/tr>\n<tr>\n<td valign=\"top\" width=\"310\">Arte, Cultura y Sociedad<\/td>\n<td valign=\"top\" width=\"77\">3<\/td>\n<td valign=\"top\" width=\"83\">96<\/td>\n<td valign=\"top\" width=\"85\">1<\/td>\n<td valign=\"top\" width=\"85\">4<\/td>\n<td valign=\"top\" width=\"105\"><\/td>\n<\/tr>\n<tr>\n<td valign=\"top\" width=\"310\">Lenguaje Visual I<\/td>\n<td valign=\"top\" width=\"77\">3<\/td>\n<td valign=\"top\" width=\"83\">96<\/td>\n<td valign=\"top\" width=\"85\">0<\/td>\n<td valign=\"top\" width=\"85\">3<\/td>\n<td valign=\"top\" width=\"105\">Asignatura<\/td>\n<\/tr>\n<tr>\n<td valign=\"top\" width=\"310\">Dibujo I<\/td>\n<td valign=\"top\" width=\"77\">4<\/td>\n<td valign=\"top\" width=\"83\">128<\/td>\n<td valign=\"top\" width=\"85\">1<\/td>\n<td valign=\"top\" width=\"85\">5<\/td>\n<td valign=\"top\" width=\"105\">Taller<\/td>\n<\/tr>\n<tr>\n<td valign=\"top\" width=\"310\">Pintura I<\/td>\n<td valign=\"top\" width=\"77\">4<\/td>\n<td valign=\"top\" width=\"83\">128<\/td>\n<td valign=\"top\" width=\"85\">0<\/td>\n<td valign=\"top\" width=\"85\">4<\/td>\n<td valign=\"top\" width=\"105\">Taller<\/td>\n<\/tr>\n<tr>\n<td valign=\"top\" width=\"310\">Escultura I<\/td>\n<td valign=\"top\" width=\"77\">4<\/td>\n<td valign=\"top\" width=\"83\">128<\/td>\n<td valign=\"top\" width=\"85\">0<\/td>\n<td valign=\"top\" width=\"85\">4<\/td>\n<td valign=\"top\" width=\"105\">Taller<\/td>\n<\/tr>\n<tr>\n<td valign=\"top\" width=\"310\">Arte de Impresi\u00f3n y Reproducci\u00f3n<\/td>\n<td valign=\"top\" width=\"77\">4<\/td>\n<td valign=\"top\" width=\"83\">128<\/td>\n<td valign=\"top\" width=\"85\">0<\/td>\n<td valign=\"top\" width=\"85\">4<\/td>\n<td valign=\"top\" width=\"105\">Taller<\/td>\n<td valign=\"top\" width=\"310\"><\/td>\n<td valign=\"top\" width=\"77\"><\/td>\n<td valign=\"top\" width=\"83\"><\/td>\n<td valign=\"top\" width=\"85\"><\/td>\n<td valign=\"top\" width=\"85\"><\/td>\n<td valign=\"top\" width=\"105\"><\/td>\n<\/tr>\n<\/tbody>\n<\/table>\n<table style=\"width: 100%;\" border=\"1\" cellspacing=\"0\" cellpadding=\"0\">\n<tbody>\n<tr>\n<td colspan=\"6\" valign=\"top\" width=\"746\">\n<p style=\"text-align: center;\"><span style=\"color: #0000ff;\"><strong>PROFESORADO DE ARTES VISUALES: 2\u00ba A\u00d1O<\/strong><\/span><\/p>\n<\/td>\n<\/tr>\n<tr>\n<td valign=\"top\" width=\"310\">\n<p style=\"text-align: center;\"><strong>Unidades curriculares<\/strong><\/p>\n<\/td>\n<td style=\"text-align: center;\" valign=\"top\" width=\"77\"><strong>Hs. C\u00e1tedra semanales<\/strong><\/td>\n<td style=\"text-align: center;\" valign=\"top\" width=\"83\"><strong>Hs. C\u00e1tedra anuales<\/strong><\/td>\n<td style=\"text-align: center;\" valign=\"top\" width=\"85\"><strong>Hs. asignadas para el Taller Integrador<\/strong><\/td>\n<td style=\"text-align: center;\" valign=\"top\" width=\"85\"><strong>Total hs. docente<\/strong><\/td>\n<td valign=\"top\" width=\"105\">\n<p style=\"text-align: center;\"><strong>Formato Curricular<\/strong><\/p>\n<\/td>\n<\/tr>\n<tr>\n<td colspan=\"6\" valign=\"top\" width=\"746\">\n<p style=\"text-align: center;\">CAMPO DE LA FORMACI\u00d3N GENERAL<\/p>\n<\/td>\n<\/tr>\n<tr>\n<td valign=\"top\" width=\"310\">Did\u00e1ctica General<\/td>\n<td valign=\"top\" width=\"77\">3<\/td>\n<td valign=\"top\" width=\"83\">96<\/td>\n<td valign=\"top\" width=\"85\">1<\/td>\n<td valign=\"top\" width=\"85\">4<\/td>\n<td valign=\"top\" width=\"105\">Asignatura<\/td>\n<\/tr>\n<tr>\n<td valign=\"top\" width=\"310\">Psicolog\u00eda y Educaci\u00f3n<\/td>\n<td valign=\"top\" width=\"77\">4<\/td>\n<td valign=\"top\" width=\"83\">128<\/td>\n<td valign=\"top\" width=\"85\">0<\/td>\n<td valign=\"top\" width=\"85\">4<\/td>\n<td valign=\"top\" width=\"105\">Asignatura<\/td>\n<\/tr>\n<tr>\n<td colspan=\"6\" valign=\"top\" width=\"746\">\n<p style=\"text-align: center;\">CAMPO DE LA PR\u00c1CTICA DOCENTE<\/p>\n<\/td>\n<\/tr>\n<tr>\n<td rowspan=\"2\" valign=\"top\" width=\"310\">Pr\u00e1ctica Docente II: Escuelas, Historias Documentadas y Educaci\u00f3n Art\u00edstica<\/td>\n<td rowspan=\"2\" valign=\"top\" width=\"77\">3<\/td>\n<td rowspan=\"2\" valign=\"top\" width=\"83\">96<\/td>\n<td rowspan=\"2\" valign=\"top\" width=\"85\">1<\/td>\n<td rowspan=\"2\" valign=\"top\" width=\"85\">4<\/td>\n<td valign=\"top\" width=\"105\">Seminario<\/td>\n<\/tr>\n<tr>\n<td valign=\"top\" width=\"105\">Taller Integrador<\/td>\n<\/tr>\n<tr>\n<td colspan=\"6\" valign=\"top\" width=\"746\">\n<p style=\"text-align: center;\">CAMPO DE LA FORMACI\u00d3N ESPEC\u00cdFICA<\/p>\n<\/td>\n<\/tr>\n<tr>\n<td valign=\"top\" width=\"310\">Sujetos de la Educaci\u00f3n<\/td>\n<td valign=\"top\" width=\"77\">3<\/td>\n<td valign=\"top\" width=\"83\">96<\/td>\n<td valign=\"top\" width=\"85\">0<\/td>\n<td valign=\"top\" width=\"85\">3<\/td>\n<td valign=\"top\" width=\"105\">Seminario<\/td>\n<\/tr>\n<tr>\n<td valign=\"top\" width=\"310\">Las Artes Visuales en la Historia I<\/td>\n<td valign=\"top\" width=\"77\">3<\/td>\n<td valign=\"top\" width=\"83\">96<\/td>\n<td valign=\"top\" width=\"85\">0<\/td>\n<td valign=\"top\" width=\"85\">3<\/td>\n<td valign=\"top\" width=\"105\">Asignatura<\/td>\n<\/tr>\n<tr>\n<td valign=\"top\" width=\"310\">Lenguaje Visual II<\/td>\n<td valign=\"top\" width=\"77\">3<\/td>\n<td valign=\"top\" width=\"83\">96<\/td>\n<td valign=\"top\" width=\"85\">1<\/td>\n<td valign=\"top\" width=\"85\">4<\/td>\n<td valign=\"top\" width=\"105\">Asignatura<\/td>\n<\/tr>\n<tr>\n<td valign=\"top\" width=\"310\">Dibujo II<\/td>\n<td valign=\"top\" width=\"77\">4<\/td>\n<td valign=\"top\" width=\"83\">128<\/td>\n<td valign=\"top\" width=\"85\">0<\/td>\n<td valign=\"top\" width=\"85\">4<\/td>\n<td valign=\"top\" width=\"105\">Taller<\/td>\n<\/tr>\n<tr>\n<td valign=\"top\" width=\"310\">Pintura II<\/td>\n<td valign=\"top\" width=\"77\">4<\/td>\n<td valign=\"top\" width=\"83\">128<\/td>\n<td valign=\"top\" width=\"85\">0<\/td>\n<td valign=\"top\" width=\"85\">4<\/td>\n<td valign=\"top\" width=\"105\">Taller<\/td>\n<\/tr>\n<tr>\n<td valign=\"top\" width=\"310\">Escultura II<\/td>\n<td valign=\"top\" width=\"77\">4<\/td>\n<td valign=\"top\" width=\"83\">128<\/td>\n<td valign=\"top\" width=\"85\">0<\/td>\n<td valign=\"top\" width=\"85\">4<\/td>\n<td valign=\"top\" width=\"105\">Taller<\/td>\n<\/tr>\n<tr>\n<td valign=\"top\" width=\"310\">Arte de Impresi\u00f3n y Reproducci\u00f3n II<\/td>\n<td valign=\"top\" width=\"77\">4<\/td>\n<td valign=\"top\" width=\"83\">128<\/td>\n<td valign=\"top\" width=\"85\">1<\/td>\n<td valign=\"top\" width=\"85\">5<\/td>\n<td valign=\"top\" width=\"105\">Taller<\/td>\n<\/tr>\n<tr>\n<td colspan=\"6\" valign=\"top\" width=\"746\">\n<p style=\"text-align: center;\">UNIDAD DE DEFINICI\u00d3N INSTITUCIONAL<\/p>\n<\/td>\n<\/tr>\n<tr>\n<td valign=\"top\" width=\"310\">UDI I: Ense\u00f1ar y aprender con TICS<\/td>\n<td valign=\"top\" width=\"77\"><\/td>\n<td valign=\"top\" width=\"83\"><\/td>\n<td valign=\"top\" width=\"85\"><\/td>\n<td valign=\"top\" width=\"85\"><\/td>\n<td valign=\"top\" width=\"105\"><\/td>\n<\/tr>\n<tr>\n<td valign=\"top\" width=\"310\"><\/td>\n<td valign=\"top\" width=\"77\"><\/td>\n<td valign=\"top\" width=\"83\"><\/td>\n<td valign=\"top\" width=\"85\"><\/td>\n<td valign=\"top\" width=\"85\"><\/td>\n<td valign=\"top\" width=\"105\"><\/td>\n<\/tr>\n<\/tbody>\n<\/table>\n<p style=\"text-align: center;\"><strong>\u00a0<span style=\"color: #0000ff;\">PROFESORADO DE ARTES VISUALES: 3\u00ba A\u00d1O<\/span><\/strong><\/p>\n<table style=\"width: 100%;\" border=\"1\" cellspacing=\"0\" cellpadding=\"0\">\n<tbody>\n<tr>\n<td valign=\"top\" width=\"310\">\n<p style=\"text-align: center;\"><strong>Unidades curriculares<\/strong><\/p>\n<\/td>\n<td style=\"text-align: center;\" valign=\"top\" width=\"77\"><strong>Hs. C\u00e1tedra semanales<\/strong><\/td>\n<td style=\"text-align: center;\" valign=\"top\" width=\"83\"><strong>Hs. C\u00e1tedra anuales<\/strong><\/td>\n<td style=\"text-align: center;\" valign=\"top\" width=\"85\"><strong>Hs. asignadas para el Taller Integrador<\/strong><\/td>\n<td style=\"text-align: center;\" valign=\"top\" width=\"85\"><strong>Total hs. docente<\/strong><\/td>\n<td valign=\"top\" width=\"105\">\n<p style=\"text-align: center;\"><strong>Formato Curricular<\/strong><\/p>\n<\/td>\n<\/tr>\n<tr>\n<td colspan=\"6\" valign=\"top\" width=\"746\">\n<p style=\"text-align: center;\">CAMPO DE LA FORMACI\u00d3N GENERAL<\/p>\n<\/td>\n<\/tr>\n<tr>\n<td valign=\"top\" width=\"310\">Filosof\u00eda y Educaci\u00f3n<\/td>\n<td valign=\"top\" width=\"77\">3<\/td>\n<td valign=\"top\" width=\"83\">96<\/td>\n<td valign=\"top\" width=\"85\">0<\/td>\n<td valign=\"top\" width=\"85\">3<\/td>\n<td valign=\"top\" width=\"105\">Asignatura<\/td>\n<\/tr>\n<tr>\n<td colspan=\"6\" valign=\"top\" width=\"746\">\n<p style=\"text-align: center;\">CAMPO DE LA PR\u00c1CTICA DOCENTE<\/p>\n<\/td>\n<\/tr>\n<tr>\n<td rowspan=\"2\" valign=\"top\" width=\"310\">Pr\u00e1ctica Docente III Y Residencia<\/td>\n<td rowspan=\"2\" valign=\"top\" width=\"77\">3<\/td>\n<td rowspan=\"2\" valign=\"top\" width=\"83\">192<\/td>\n<td rowspan=\"2\" valign=\"top\" width=\"85\">2<\/td>\n<td rowspan=\"2\" valign=\"top\" width=\"85\">8<\/td>\n<td valign=\"top\" width=\"105\">Seminario y Tutor\u00edas<\/td>\n<\/tr>\n<tr>\n<td valign=\"top\" width=\"105\">Taller Integrador<\/td>\n<\/tr>\n<tr>\n<td colspan=\"6\" valign=\"top\" width=\"746\">\n<p style=\"text-align: center;\">CAMPO DE LA FORMACI\u00d3N ESPEC\u00cdFICA<\/p>\n<\/td>\n<\/tr>\n<tr>\n<td valign=\"top\" width=\"310\">Las Artes Visuales en la Historia II<\/td>\n<td valign=\"top\" width=\"77\">3<\/td>\n<td valign=\"top\" width=\"83\">96<\/td>\n<td valign=\"top\" width=\"85\">0<\/td>\n<td valign=\"top\" width=\"85\">3<\/td>\n<td valign=\"top\" width=\"105\">Asignatura<\/td>\n<\/tr>\n<tr>\n<td valign=\"top\" width=\"310\">Lenguaje Visual III<\/td>\n<td valign=\"top\" width=\"77\">3<\/td>\n<td valign=\"top\" width=\"83\">96<\/td>\n<td valign=\"top\" width=\"85\">0<\/td>\n<td valign=\"top\" width=\"85\">3<\/td>\n<td valign=\"top\" width=\"105\">Asignatura<\/td>\n<\/tr>\n<tr>\n<td valign=\"top\" width=\"310\">Dibujo III<\/td>\n<td valign=\"top\" width=\"77\">4<\/td>\n<td valign=\"top\" width=\"83\">128<\/td>\n<td valign=\"top\" width=\"85\">0<\/td>\n<td valign=\"top\" width=\"85\">4<\/td>\n<td valign=\"top\" width=\"105\">Taller<\/td>\n<\/tr>\n<tr>\n<td valign=\"top\" width=\"310\">Pintura III<\/td>\n<td valign=\"top\" width=\"77\">4<\/td>\n<td valign=\"top\" width=\"83\">128<\/td>\n<td valign=\"top\" width=\"85\">0<\/td>\n<td valign=\"top\" width=\"85\">4<\/td>\n<td valign=\"top\" width=\"105\">Taller<\/td>\n<\/tr>\n<tr>\n<td valign=\"top\" width=\"310\">Escultura III<\/td>\n<td valign=\"top\" width=\"77\">4<\/td>\n<td valign=\"top\" width=\"83\">128<\/td>\n<td valign=\"top\" width=\"85\">0<\/td>\n<td valign=\"top\" width=\"85\">4<\/td>\n<td valign=\"top\" width=\"105\">Taller<\/td>\n<\/tr>\n<tr>\n<td valign=\"top\" width=\"310\">Pr\u00e1cticas Contempor\u00e1neas en el Arte<\/td>\n<td valign=\"top\" width=\"77\">4<\/td>\n<td valign=\"top\" width=\"83\">128<\/td>\n<td valign=\"top\" width=\"85\">1<\/td>\n<td valign=\"top\" width=\"85\">5<\/td>\n<td valign=\"top\" width=\"105\">Taller<\/td>\n<\/tr>\n<tr>\n<td valign=\"top\" width=\"310\">Did\u00e1ctica de las Artes Visuales (1er cuatrimestre: Nivel Inicial y Primario \/ 2do cuatrimestre: Nivel Secundario)<\/td>\n<td valign=\"top\" width=\"77\">3<\/td>\n<td valign=\"top\" width=\"83\">96<\/td>\n<td valign=\"top\" width=\"85\">1<\/td>\n<td valign=\"top\" width=\"85\">4<\/td>\n<td valign=\"top\" width=\"105\">Asignatura<\/td>\n<\/tr>\n<tr>\n<td valign=\"top\" width=\"310\"><\/td>\n<td valign=\"top\" width=\"77\"><\/td>\n<td valign=\"top\" width=\"83\"><\/td>\n<td valign=\"top\" width=\"85\"><\/td>\n<td valign=\"top\" width=\"85\"><\/td>\n<td valign=\"top\" width=\"105\">&#8211;<\/td>\n<\/tr>\n<\/tbody>\n<\/table>\n<table style=\"width: 100%;\" border=\"1\" cellspacing=\"0\" cellpadding=\"0\">\n<tbody>\n<tr>\n<td colspan=\"6\" valign=\"top\" width=\"746\">\n<p style=\"text-align: center;\"><span style=\"color: #0000ff;\"><strong>PROFESORADO DE ARTES VISUALES: 4\u00ba A\u00d1O<\/strong><\/span><\/p>\n<\/td>\n<\/tr>\n<tr>\n<td valign=\"top\" width=\"310\">\n<p style=\"text-align: center;\"><strong>Unidades curriculares<\/strong><\/p>\n<\/td>\n<td style=\"text-align: center;\" valign=\"top\" width=\"77\"><strong>Hs. C\u00e1tedra semanales<\/strong><\/td>\n<td style=\"text-align: center;\" valign=\"top\" width=\"83\"><strong>Hs. C\u00e1tedra anuales<\/strong><\/td>\n<td style=\"text-align: center;\" valign=\"top\" width=\"85\"><strong>Hs. asignadas para el Taller Integrador<\/strong><\/td>\n<td style=\"text-align: center;\" valign=\"top\" width=\"85\"><strong>Total hs. docente<\/strong><\/td>\n<td valign=\"top\" width=\"105\">\n<p style=\"text-align: center;\"><strong>Formato Curricular<\/strong><\/p>\n<\/td>\n<\/tr>\n<tr>\n<td colspan=\"6\" valign=\"top\" width=\"746\">\n<p style=\"text-align: center;\">CAMPO DE LA FORMACI\u00d3N GENERAL<\/p>\n<\/td>\n<\/tr>\n<tr>\n<td valign=\"top\" width=\"310\">Educaci\u00f3n Sexual Integral<\/td>\n<td valign=\"top\" width=\"77\"><\/td>\n<td valign=\"top\" width=\"83\"><\/td>\n<td valign=\"top\" width=\"85\"><\/td>\n<td valign=\"top\" width=\"85\"><\/td>\n<td valign=\"top\" width=\"105\">Asignatura<\/td>\n<\/tr>\n<tr>\n<td colspan=\"6\" valign=\"top\" width=\"746\">\n<p style=\"text-align: center;\">CAMPO DE LA PR\u00c1CTICA DOCENTE<\/p>\n<\/td>\n<\/tr>\n<tr>\n<td valign=\"top\" width=\"310\">Pr\u00e1ctica Docente IV Y Residencia<\/td>\n<td valign=\"top\" width=\"77\">6<\/td>\n<td valign=\"top\" width=\"83\">192<\/td>\n<td valign=\"top\" width=\"85\">2<\/td>\n<td valign=\"top\" width=\"85\">8<\/td>\n<td valign=\"top\" width=\"105\">Seminario y Tutor\u00edas<\/td>\n<\/tr>\n<tr>\n<td colspan=\"6\" valign=\"top\" width=\"746\">\n<p style=\"text-align: center;\">CAMPO DE LA FORMACI\u00d3N ESPEC\u00cdFICA<\/p>\n<\/td>\n<\/tr>\n<tr>\n<td valign=\"top\" width=\"310\">Las Artes Visuales en la Historia III<\/td>\n<td valign=\"top\" width=\"77\">3<\/td>\n<td valign=\"top\" width=\"83\">96<\/td>\n<td valign=\"top\" width=\"85\">0<\/td>\n<td valign=\"top\" width=\"85\">3<\/td>\n<td valign=\"top\" width=\"105\">Asignatura<\/td>\n<\/tr>\n<tr>\n<td valign=\"top\" width=\"310\">Dibujo IV<\/td>\n<td valign=\"top\" width=\"77\">4<\/td>\n<td valign=\"top\" width=\"83\">128<\/td>\n<td valign=\"top\" width=\"85\">0<\/td>\n<td valign=\"top\" width=\"85\">4<\/td>\n<td valign=\"top\" width=\"105\">Taller<\/td>\n<\/tr>\n<tr>\n<td valign=\"top\" width=\"310\">Est\u00e9tica y Teor\u00eda del Arte<\/td>\n<td valign=\"top\" width=\"77\">3<\/td>\n<td valign=\"top\" width=\"83\">96<\/td>\n<td valign=\"top\" width=\"85\">0<\/td>\n<td valign=\"top\" width=\"85\">3<\/td>\n<td valign=\"top\" width=\"105\">Asignatura<\/td>\n<\/tr>\n<tr>\n<td valign=\"top\" width=\"310\">Arte en la Educaci\u00f3n Especial<\/td>\n<td valign=\"top\" width=\"77\">2<\/td>\n<td valign=\"top\" width=\"83\">64<\/td>\n<td valign=\"top\" width=\"85\">0<\/td>\n<td valign=\"top\" width=\"85\">2<\/td>\n<td valign=\"top\" width=\"105\">Seminario<\/td>\n<\/tr>\n<tr>\n<td valign=\"top\" width=\"310\">Investigaci\u00f3n en Arte<\/td>\n<td valign=\"top\" width=\"77\">3<\/td>\n<td valign=\"top\" width=\"83\">96<\/td>\n<td valign=\"top\" width=\"85\">0<\/td>\n<td valign=\"top\" width=\"85\">3<\/td>\n<td valign=\"top\" width=\"105\">Seminario<\/td>\n<\/tr>\n<tr>\n<td valign=\"top\" width=\"310\">Producci\u00f3n Art\u00edstica<\/td>\n<td valign=\"top\" width=\"77\">4<\/td>\n<td valign=\"top\" width=\"83\">128<\/td>\n<td valign=\"top\" width=\"85\">0<\/td>\n<td valign=\"top\" width=\"85\">4<\/td>\n<td valign=\"top\" width=\"105\">Taller<\/td>\n<\/tr>\n<tr>\n<td colspan=\"6\" valign=\"top\" width=\"746\">\n<p style=\"text-align: center;\">UNIDAD DE DEFINICI\u00d3N INSTITUCIONAL<\/p>\n<\/td>\n<\/tr>\n<tr>\n<td valign=\"top\" width=\"310\">UDI II: Laboratorio de Investigaci\u00f3n de las formas<\/td>\n<td valign=\"top\" width=\"77\"><\/td>\n<td valign=\"top\" width=\"83\"><\/td>\n<td valign=\"top\" width=\"85\"><\/td>\n<td valign=\"top\" width=\"85\"><\/td>\n<td valign=\"top\" width=\"105\"><\/td>\n<td valign=\"top\" width=\"310\"><\/td>\n<td valign=\"top\" width=\"77\"><\/td>\n<td valign=\"top\" width=\"83\"><\/td>\n<td valign=\"top\" width=\"85\"><\/td>\n<td valign=\"top\" width=\"85\"><\/td>\n<td valign=\"top\" width=\"105\">&#8211;<\/td>\n<\/tr>\n<\/tbody>\n<\/table>\n<p><img decoding=\"async\" loading=\"lazy\" class=\" wp-image-877 aligncenter\" src=\"https:\/\/esbavillafane-cba.infd.edu.ar\/sitio\/wp-content\/uploads\/2019\/11\/Sin-t\u00edtulo-1-1000x667.jpg\" alt=\"\" width=\"705\" height=\"470\" \/><\/p>\n","protected":false},"excerpt":{"rendered":"<p>Inscripci\u00f3n 2026\u00a0 La\u00a0pre matriculaci\u00f3n 2026 se encontrara habilitada a partir del 15 noviembre de 2025\u00a0y se realiza en https:\/\/www.cba.gov.ar\/gestion-estudiantes\/\u00a0 \u00a0 Sigue estas instrucciones para facilitar tu tarea: Instructivo prematriculacion Adem\u00e1s, para completar tu inscripci\u00f3n deber\u00e1s presentar completa la siguiente autorizaci\u00f3n (con los requisitos en ellas descriptos) y presentarla en tiempo y forma en nuestra instituci\u00f3n &#8230; <a title=\"Profesorado de Artes Visuales\" class=\"read-more\" href=\"https:\/\/esbavillafane-cba.infd.edu.ar\/sitio\/profesorado-de-artes-visuales\/\" aria-label=\"More on Profesorado de Artes Visuales\">[+]<\/a><\/p>\n","protected":false},"author":13,"featured_media":1186,"parent":0,"menu_order":0,"comment_status":"closed","ping_status":"closed","template":"","meta":[],"acf":[],"_links":{"self":[{"href":"https:\/\/esbavillafane-cba.infd.edu.ar\/sitio\/wp-json\/wp\/v2\/pages\/791"}],"collection":[{"href":"https:\/\/esbavillafane-cba.infd.edu.ar\/sitio\/wp-json\/wp\/v2\/pages"}],"about":[{"href":"https:\/\/esbavillafane-cba.infd.edu.ar\/sitio\/wp-json\/wp\/v2\/types\/page"}],"author":[{"embeddable":true,"href":"https:\/\/esbavillafane-cba.infd.edu.ar\/sitio\/wp-json\/wp\/v2\/users\/13"}],"replies":[{"embeddable":true,"href":"https:\/\/esbavillafane-cba.infd.edu.ar\/sitio\/wp-json\/wp\/v2\/comments?post=791"}],"version-history":[{"count":32,"href":"https:\/\/esbavillafane-cba.infd.edu.ar\/sitio\/wp-json\/wp\/v2\/pages\/791\/revisions"}],"predecessor-version":[{"id":2647,"href":"https:\/\/esbavillafane-cba.infd.edu.ar\/sitio\/wp-json\/wp\/v2\/pages\/791\/revisions\/2647"}],"wp:featuredmedia":[{"embeddable":true,"href":"https:\/\/esbavillafane-cba.infd.edu.ar\/sitio\/wp-json\/wp\/v2\/media\/1186"}],"wp:attachment":[{"href":"https:\/\/esbavillafane-cba.infd.edu.ar\/sitio\/wp-json\/wp\/v2\/media?parent=791"}],"curies":[{"name":"wp","href":"https:\/\/api.w.org\/{rel}","templated":true}]}}