{"id":820,"date":"2018-08-30T11:28:20","date_gmt":"2018-08-30T14:28:20","guid":{"rendered":"https:\/\/esbavillafane-cba.infd.edu.ar\/sitio\/datos-institucionales\/"},"modified":"2023-05-03T15:23:06","modified_gmt":"2023-05-03T18:23:06","slug":"datos-institucionales","status":"publish","type":"page","link":"https:\/\/esbavillafane-cba.infd.edu.ar\/sitio\/datos-institucionales\/","title":{"rendered":"\u00bfQui\u00e9nes somos?"},"content":{"rendered":"<p><span style=\"font-weight: 400;\">Somos una comunidad escuela de ense\u00f1anza en arte que acompa\u00f1a y educa a todas las personas que quieran iniciarse en el mundo del arte, para hacer de ello una profesi\u00f3n.\u00a0<\/span><\/p>\n<p>Mediante la Educaci\u00f3n Superior, formamos Docentes en Arte y T\u00e9cnicos en Dise\u00f1o, con el objetivo de proporcionar profesionales comprometidos con las realidades actuales, desarrollando el pensamiento creativo, la innovaci\u00f3n y la b\u00fasqueda de respuestas superadoras.<\/p>\n<p>Pretendemos ser una comunidad educativa integral, donde el objetivo en com\u00fan sea el aprendizaje mutuo. Nos comprometemos con las realidades sociales y la educaci\u00f3n, para que desde la formaci\u00f3n de Docentes en Arte y T\u00e9cnicos en Dise\u00f1o, podamos colaborar en la mejora de una sociedad cada d\u00eda m\u00e1s justa, igualitaria y equitativa.<\/p>\n<p>Nos enfocamos en una ense\u00f1anza de excelencia, calidad, y por sobre todo, en la recuperaci\u00f3n de lo diverso y singular. Estamos convencidos de que el arte y el dise\u00f1o son un instrumento de poder, y como tal no queremos ni vamos a desaprovecharlo.<\/p>\n<p><b>Misi\u00f3n<\/b><\/p>\n<p><span style=\"font-weight: 400;\">La ESBA es un instituto de educaci\u00f3n superior, que tiene como misi\u00f3n formar docentes en arte y t\u00e9cnicos en dise\u00f1o, que propicia la formaci\u00f3n de profesionales comprometidos con la realidad y el desarrollo del pensamiento creativo, la mirada cr\u00edtica y la b\u00fasqueda de respuestas superadoras desde su proyecto pedag\u00f3gico.<\/span><\/p>\n<p><span style=\"font-weight: 400;\">Como instituci\u00f3n proponemos pensar como sujetos activos cr\u00edticos y transformadores, cuya nota distintiva sea el <\/span><b><i>hacer<\/i><\/b><span style=\"font-weight: 400;\"> desde las pr\u00e1cticas art\u00edsticas.<\/span><\/p>\n<p><b>Visi\u00f3n<\/b><\/p>\n<p><span style=\"font-weight: 400;\">Pretendemos ser una comunidad educativa que aprenda a dialogar e incidir en la sociedad a la que pertenece.\u00a0<\/span><\/p>\n<p><span style=\"font-weight: 400;\">Desde la propuesta de construcci\u00f3n de saberes, queremos formar a profesionales que desde la educaci\u00f3n art\u00edstica puedan colaborar en la mejora de una sociedad cada d\u00eda m\u00e1s justa, igualitaria , inclusiva y equitativa.\u00a0<\/span><\/p>\n<p><span style=\"font-weight: 400;\">Queremos trabajar en la b\u00fasqueda de una ense\u00f1anza-aprendizaje de excelencia, de calidad y por sobre todo de recuperaci\u00f3n de lo diverso y singular, con la convicci\u00f3n de que la educaci\u00f3n en artes nos empodera y ayuda a la transformaci\u00f3n social.<\/span><\/p>\n<p><b>Objetivos<\/b><\/p>\n<ul>\n<li style=\"font-weight: 400;\"><span style=\"font-weight: 400;\">Formar <\/span><b>profesionales y ciudadanos<\/b><span style=\"font-weight: 400;\"> desde una mirada<\/span><b> integral,<\/b><span style=\"font-weight: 400;\"> competentes en lo <\/span><b>acad\u00e9mico, \u00e9ticos, cr\u00edticos <\/b><span style=\"font-weight: 400;\">y capaces de hacer <\/span><b>lecturas de las realidades<\/b><span style=\"font-weight: 400;\"> para <\/span><b>intervenir<\/b><span style=\"font-weight: 400;\"> en ellas <\/span><b>creativamente.<\/b><span style=\"font-weight: 400;\">\u00a0<\/span><\/li>\n<li style=\"font-weight: 400;\"><span style=\"font-weight: 400;\">Contribuir desde el campo de la educaci\u00f3n del Arte y el Dise\u00f1o, a <\/span><b>generar cambios sociales<\/b><span style=\"font-weight: 400;\">\u00a0 a\u00a0 partir de profesionales <\/span><b>comprometidos, emprendedores e\u00a0 innovadores <\/b><span style=\"font-weight: 400;\">con las demandas de nuestros tiempos.\u00a0<\/span><\/li>\n<li style=\"font-weight: 400;\"><span style=\"font-weight: 400;\">Promover\u00a0 saberes y conocimientos compartidos que colaboren en la <\/span><b>construcci\u00f3n de lo p\u00fablico <\/b><span style=\"font-weight: 400;\">como espacios de <\/span><b>creaci\u00f3n y expresi\u00f3n de lo colectivo.\u00a0<\/b><\/li>\n<li style=\"font-weight: 400;\"><span style=\"font-weight: 400;\">Comprender las <\/span><b>Artes<\/b><span style=\"font-weight: 400;\"> en todas sus expresiones, como esos modos distintos y originales de contribuir al <\/span><b>desarrollo y las transformaciones humanas.\u00a0<\/b><\/li>\n<\/ul>\n<p><strong>Un poco de historia&#8230;<\/strong><\/p>\n<p>En el a\u00f1o 1939 se cre\u00f3 \u201cLa academia\u201d en el solar de la Plaza V\u00e9lez Sarfield bajo la direcci\u00f3n de Miguel Pablo Borgarello. Esto signific\u00f3 para la ciudad la valoraci\u00f3n de las artes pl\u00e1sticas mediante su pr\u00e1ctica y la consolidaci\u00f3n de la vocaci\u00f3n art\u00edstica a partir de la oficializaci\u00f3n de la ense\u00f1anza de las artes pl\u00e1sticas.<\/p>\n<p>La figura de Miguel Pablo Borgarello, pese a su ense\u00f1anza tradicional, marc\u00f3 un hito en el desarrollo del arte en la ciudad, ya que gracias a sus conocimientos y condiciones muchos de los que pasaron por la Academia Municipal, han trascendido con su obra m\u00e1s all\u00e1 de los limites.<\/p>\n<p>En 1972 se procede a cambiar el nombre por Taller Municipal de Artes Visuales debido a la nueva modalidad y orientaci\u00f3n dada a la ense\u00f1anza a la que se incorporan cursos audiovisuales vinculados a las artes pl\u00e1sticas en general y a la historia del arte.\u00a0 En 1979 se anex\u00f3 al edificio el Taller Municipal de Arte Cer\u00e1mico, constituyendo un nuevo aporte a la ense\u00f1anza art\u00edstica de la ciudad.<\/p>\n<p>El 15 de junio de 1983 se cre\u00f3 por Decreto Provincial N\u00b0 2443 la Escuela Provincial de Bellas Artes en la ciudad de San Francisco, dependiente de la Direcci\u00f3n de Ense\u00f1anza Media, Especial y Superior del Ministerio de Cultura y Educaci\u00f3n. \u00a0La escuela inici\u00f3 sus actividades en el sector del edificio de la Municipalidad, y dispon\u00eda de dos carreras de nivel terciario:Magisterio de Artes Pl\u00e1sticas y Decoraci\u00f3n de Interiores, y un taller infanto juvenil.<\/p>\n<p>A partir del a\u00f1o 2002 surge el nuevo Dise\u00f1o Curricular del nivel medio al nivel superior, denomin\u00e1ndose entonces Profesorado en Artes Pl\u00e1sticas. Y se a\u00f1ade a la oferta curricular una carrera t\u00e9cnica: Tecnicatura Superior en Dise\u00f1o de Espacios.<\/p>\n<p>El 6 de septiembre de \u00a02004, es trasladada la Escuela de Bellas Artes \u201cRa\u00fal Guillermo Villafa\u00f1e\u201d a su nueva sede, en calle Av. De la Universidad, donde se encuentra actualmente.\u00a0 Ubicada en el sector noreste de la ciudad, en las proximidades de la UTN, constituye un polo educativo de envergadura para la ciudad. En dicho edificio tambi\u00e9n se ubic\u00f3 el Conservatorio Provincial de M\u00fasica \u201cArturo Berutti\u201d.<\/p>\n<p>El nuevo nombre de la instituci\u00f3n se acord\u00f3 que ser\u00eda el nombre del ex intendente, poeta y m\u00e9dico Ra\u00fal Guillermo Villafa\u00f1e, en virtud de la vasta trayectoria del mismo en el \u00e1mbito art\u00edstico- cultural. Se consider\u00f3 que el ex intendente entendi\u00f3 la necesidad de respaldar las vocaciones lugare\u00f1as hacia las bellas artes.<\/p>\n<p><img decoding=\"async\" loading=\"lazy\" class=\"wp-image-865 aligncenter\" src=\"https:\/\/esbavillafane-cba.infd.edu.ar\/sitio\/wp-content\/uploads\/2019\/11\/61647973_2483968441633593_7857984517363990528_o.jpg\" alt=\"\" width=\"468\" height=\"334\" srcset=\"https:\/\/esbavillafane-cba.infd.edu.ar\/sitio\/wp-content\/uploads\/2019\/11\/61647973_2483968441633593_7857984517363990528_o.jpg 960w, https:\/\/esbavillafane-cba.infd.edu.ar\/sitio\/wp-content\/uploads\/2019\/11\/61647973_2483968441633593_7857984517363990528_o-768x548.jpg 768w\" sizes=\"(max-width: 468px) 100vw, 468px\" \/><\/p>\n<p><img decoding=\"async\" loading=\"lazy\" class=\" wp-image-1937 aligncenter\" src=\"https:\/\/esbavillafane-cba.infd.edu.ar\/sitio\/wp-content\/uploads\/2021\/11\/WhatsApp-Image-2021-11-14-at-9.22.32-AM-e1647544346778-1000x362.jpeg\" alt=\"frente ESBA\" width=\"459\" height=\"166\" srcset=\"https:\/\/esbavillafane-cba.infd.edu.ar\/sitio\/wp-content\/uploads\/2021\/11\/WhatsApp-Image-2021-11-14-at-9.22.32-AM-e1647544346778-1000x362.jpeg 1000w, https:\/\/esbavillafane-cba.infd.edu.ar\/sitio\/wp-content\/uploads\/2021\/11\/WhatsApp-Image-2021-11-14-at-9.22.32-AM-e1647544346778-768x278.jpeg 768w, https:\/\/esbavillafane-cba.infd.edu.ar\/sitio\/wp-content\/uploads\/2021\/11\/WhatsApp-Image-2021-11-14-at-9.22.32-AM-e1647544346778-1536x556.jpeg 1536w, https:\/\/esbavillafane-cba.infd.edu.ar\/sitio\/wp-content\/uploads\/2021\/11\/WhatsApp-Image-2021-11-14-at-9.22.32-AM-e1647544346778.jpeg 1599w\" sizes=\"(max-width: 459px) 100vw, 459px\" \/><\/p>\n","protected":false},"excerpt":{"rendered":"<p>Somos una comunidad escuela de ense\u00f1anza en arte que acompa\u00f1a y educa a todas las personas que quieran iniciarse en el mundo del arte, para hacer de ello una profesi\u00f3n.\u00a0 Mediante la Educaci\u00f3n Superior, formamos Docentes en Arte y T\u00e9cnicos en Dise\u00f1o, con el objetivo de proporcionar profesionales comprometidos con las realidades actuales, desarrollando el &#8230; <a title=\"\u00bfQui\u00e9nes somos?\" class=\"read-more\" href=\"https:\/\/esbavillafane-cba.infd.edu.ar\/sitio\/datos-institucionales\/\" aria-label=\"More on \u00bfQui\u00e9nes somos?\">[+]<\/a><\/p>\n","protected":false},"author":13,"featured_media":0,"parent":0,"menu_order":0,"comment_status":"closed","ping_status":"closed","template":"","meta":[],"acf":[],"_links":{"self":[{"href":"https:\/\/esbavillafane-cba.infd.edu.ar\/sitio\/wp-json\/wp\/v2\/pages\/820"}],"collection":[{"href":"https:\/\/esbavillafane-cba.infd.edu.ar\/sitio\/wp-json\/wp\/v2\/pages"}],"about":[{"href":"https:\/\/esbavillafane-cba.infd.edu.ar\/sitio\/wp-json\/wp\/v2\/types\/page"}],"author":[{"embeddable":true,"href":"https:\/\/esbavillafane-cba.infd.edu.ar\/sitio\/wp-json\/wp\/v2\/users\/13"}],"replies":[{"embeddable":true,"href":"https:\/\/esbavillafane-cba.infd.edu.ar\/sitio\/wp-json\/wp\/v2\/comments?post=820"}],"version-history":[{"count":8,"href":"https:\/\/esbavillafane-cba.infd.edu.ar\/sitio\/wp-json\/wp\/v2\/pages\/820\/revisions"}],"predecessor-version":[{"id":2292,"href":"https:\/\/esbavillafane-cba.infd.edu.ar\/sitio\/wp-json\/wp\/v2\/pages\/820\/revisions\/2292"}],"wp:attachment":[{"href":"https:\/\/esbavillafane-cba.infd.edu.ar\/sitio\/wp-json\/wp\/v2\/media?parent=820"}],"curies":[{"name":"wp","href":"https:\/\/api.w.org\/{rel}","templated":true}]}}