{"id":822,"date":"2018-08-30T11:28:21","date_gmt":"2018-08-30T14:28:21","guid":{"rendered":"https:\/\/esbavillafane-cba.infd.edu.ar\/sitio\/docentes\/"},"modified":"2024-08-12T17:35:30","modified_gmt":"2024-08-12T20:35:30","slug":"docentes","status":"publish","type":"page","link":"https:\/\/esbavillafane-cba.infd.edu.ar\/sitio\/docentes\/","title":{"rendered":"Personal Docente"},"content":{"rendered":"<h1 style=\"text-align: center;\"><span style=\"color: #333399;\">PROFESORADO DE ARTES VISUALES<\/span><\/h1>\n<ul>\n<li>Prof. Natalia Fabre<\/li>\n<li>Prof. Fanny Francia<\/li>\n<li>Lic. Prof. Ricardo Marlatto<\/li>\n<li>Lic. Prof. Sergio Massera<\/li>\n<li>Prof. Mar\u00eda Eugenia R\u00edos<\/li>\n<li>Prof. N\u00e9lida Rebeque<\/li>\n<li>Lic. Sergio Rodr\u00edguez<\/li>\n<li>Prof. Gabriela Rosende<\/li>\n<li>Prof. Lucia Aguirre<\/li>\n<li>Prof. Laura Vaca<\/li>\n<li>Lic. Paola Leone<\/li>\n<li>Lic. Karina Etchegaray<\/li>\n<li>Prof. Leandro Fenoglio<\/li>\n<li>Prof. Gast\u00f3n Corti<\/li>\n<li>Prof. Ezequiel Borroni<\/li>\n<\/ul>\n<h1 style=\"text-align: center;\"><span style=\"color: #333399;\">TECNICATURA SUPERIOR EN DISE\u00d1O DE ESPACIOS\u00a0<\/span><\/h1>\n<ul>\n<li>Arq. Carolina Martino<\/li>\n<li>Arq. Luciana Martino<\/li>\n<li>Arq. Gabriel Mugnaini<\/li>\n<li>Arq. Mauricio S\u00e1nchez<\/li>\n<li>Arq. Gisele Daga<\/li>\n<li>Arq. Cecilia P\u00e9rez<\/li>\n<li>Arq. Noelia Pogliano<\/li>\n<li>Arq. Carolina Clemente<\/li>\n<li>Prof. Betina Paveglio<\/li>\n<\/ul>\n<h1 style=\"text-align: center;\"><span style=\"color: #333399;\">CICLO ART\u00cdSTICO VOCACIONAL INFANTIL (CAVI)<\/span><\/h1>\n<ul>\n<li>Prof. Lorena Caudagna<\/li>\n<li>Prof. Mar\u00eda Eugenia Rios<\/li>\n<li>Prof. Juliana Puchetta<\/li>\n<\/ul>\n<p><img decoding=\"async\" loading=\"lazy\" class=\"size-full wp-image-918 aligncenter\" src=\"https:\/\/esbavillafane-cba.infd.edu.ar\/sitio\/wp-content\/uploads\/2019\/11\/1111.jpg\" alt=\"\" width=\"250\" height=\"250\" \/><\/p>\n","protected":false},"excerpt":{"rendered":"<p>PROFESORADO DE ARTES VISUALES Prof. Natalia Fabre Prof. Fanny Francia Lic. Prof. Ricardo Marlatto Lic. Prof. Sergio Massera Prof. Mar\u00eda Eugenia R\u00edos Prof. N\u00e9lida Rebeque Lic. Sergio Rodr\u00edguez Prof. Gabriela Rosende Prof. Lucia Aguirre Prof. Laura Vaca Lic. Paola Leone Lic. Karina Etchegaray Prof. Leandro Fenoglio Prof. Gast\u00f3n Corti Prof. Ezequiel Borroni TECNICATURA SUPERIOR EN &#8230; <a title=\"Personal Docente\" class=\"read-more\" href=\"https:\/\/esbavillafane-cba.infd.edu.ar\/sitio\/docentes\/\" aria-label=\"More on Personal Docente\">[+]<\/a><\/p>\n","protected":false},"author":13,"featured_media":0,"parent":0,"menu_order":0,"comment_status":"closed","ping_status":"closed","template":"","meta":[],"acf":[],"_links":{"self":[{"href":"https:\/\/esbavillafane-cba.infd.edu.ar\/sitio\/wp-json\/wp\/v2\/pages\/822"}],"collection":[{"href":"https:\/\/esbavillafane-cba.infd.edu.ar\/sitio\/wp-json\/wp\/v2\/pages"}],"about":[{"href":"https:\/\/esbavillafane-cba.infd.edu.ar\/sitio\/wp-json\/wp\/v2\/types\/page"}],"author":[{"embeddable":true,"href":"https:\/\/esbavillafane-cba.infd.edu.ar\/sitio\/wp-json\/wp\/v2\/users\/13"}],"replies":[{"embeddable":true,"href":"https:\/\/esbavillafane-cba.infd.edu.ar\/sitio\/wp-json\/wp\/v2\/comments?post=822"}],"version-history":[{"count":9,"href":"https:\/\/esbavillafane-cba.infd.edu.ar\/sitio\/wp-json\/wp\/v2\/pages\/822\/revisions"}],"predecessor-version":[{"id":2527,"href":"https:\/\/esbavillafane-cba.infd.edu.ar\/sitio\/wp-json\/wp\/v2\/pages\/822\/revisions\/2527"}],"wp:attachment":[{"href":"https:\/\/esbavillafane-cba.infd.edu.ar\/sitio\/wp-json\/wp\/v2\/media?parent=822"}],"curies":[{"name":"wp","href":"https:\/\/api.w.org\/{rel}","templated":true}]}}